{"id":252,"date":"2017-09-26T19:52:08","date_gmt":"2017-09-26T17:52:08","guid":{"rendered":"http:\/\/chataprizelenomplese.sk\/wp\/?page_id=252"},"modified":"2024-07-05T09:51:36","modified_gmt":"2024-07-05T07:51:36","slug":"jastrabia-veza","status":"publish","type":"page","link":"http:\/\/chataprizelenomplese.sk\/de\/jastrabia-veza\/","title":{"rendered":"Jastrabia Turm"},"content":{"rendered":"<div data-elementor-type=\"wp-page\" data-elementor-id=\"252\" class=\"elementor elementor-252\" data-elementor-settings=\"[]\">\n\t\t\t\t\t\t\t<div class=\"elementor-section-wrap\">\n\t\t\t\t\t\t\t<section class=\"elementor-section elementor-top-section elementor-element elementor-element-65f540d2 elementor-section-boxed elementor-section-height-default elementor-section-height-default\" data-id=\"65f540d2\" data-element_type=\"section\">\n\t\t\t\t\t\t<div class=\"elementor-container elementor-column-gap-default\">\n\t\t\t\t\t<div class=\"elementor-column elementor-col-100 elementor-top-column elementor-element elementor-element-78343df3\" data-id=\"78343df3\" data-element_type=\"column\">\n\t\t\t<div class=\"elementor-widget-wrap elementor-element-populated\">\n\t\t\t\t\t\t\t\t<div class=\"elementor-element elementor-element-58e0b4a0 elementor-widget elementor-widget-text-editor\" data-id=\"58e0b4a0\" data-element_type=\"widget\" data-widget_type=\"text-editor.default\">\n\t\t\t\t<div class=\"elementor-widget-container\">\n\t\t\t\t\t<div class=\"elementor-text-editor elementor-clearfix\"><div id=\"attachment_253\" style=\"width: 617px\"  class=\"wp-caption alignnone\"><a href=\"http:\/\/chataprizelenomplese.sk\/wp-content\/uploads\/2014\/11\/jastrabia_veza.jpg\"><img loading=\"lazy\" decoding=\"async\" class=\"size-full wp-image-253\" src=\"http:\/\/chataprizelenomplese.sk\/wp-content\/uploads\/2014\/11\/jastrabia_veza.jpg\" alt=\"Jastrabia ve\u017ea\" width=\"607\" height=\"342\" \/><\/a><p class=\"wp-caption-text\">Jastrabia ve\u017ea<\/p><\/div><\/div>\n\t\t\t\t<\/div>\n\t\t\t\t<\/div>\n\t\t\t\t\t<\/div>\n\t\t<\/div>\n\t\t\t\t\t\t\t<\/div>\n\t\t<\/section>\n\t\t\t\t<section class=\"elementor-section elementor-top-section elementor-element elementor-element-fb769b4 elementor-section-boxed elementor-section-height-default elementor-section-height-default\" data-id=\"fb769b4\" data-element_type=\"section\">\n\t\t\t\t\t\t<div class=\"elementor-container elementor-column-gap-default\">\n\t\t\t\t\t<div class=\"elementor-column elementor-col-100 elementor-top-column elementor-element elementor-element-e84feaa\" data-id=\"e84feaa\" data-element_type=\"column\">\n\t\t\t<div class=\"elementor-widget-wrap elementor-element-populated\">\n\t\t\t\t\t\t\t\t<div class=\"elementor-element elementor-element-741e9ec elementor-widget elementor-widget-text-editor\" data-id=\"741e9ec\" data-element_type=\"widget\" data-no-translation=\"\" data-widget_type=\"text-editor.default\">\n\t\t\t\t<div class=\"elementor-widget-container\">\n\t\t\t<style>.elementor-element-741e9ec{display:none !important}<\/style>\t\t<\/div>\n\t\t\t\t<\/div>\n\t\t\t\t\t<\/div>\n\t\t<\/div>\n\t\t\t\t\t\t\t<\/div>\n\t\t<\/section>\n\t\t\t\t<section class=\"elementor-section elementor-top-section elementor-element elementor-element-4d6529a elementor-section-boxed elementor-section-height-default elementor-section-height-default\" data-id=\"4d6529a\" data-element_type=\"section\">\n\t\t\t\t\t\t<div class=\"elementor-container elementor-column-gap-default\">\n\t\t\t\t\t<div class=\"elementor-column elementor-col-100 elementor-top-column elementor-element elementor-element-af07c64\" data-id=\"af07c64\" data-element_type=\"column\">\n\t\t\t<div class=\"elementor-widget-wrap elementor-element-populated\">\n\t\t\t\t\t\t\t\t<div class=\"elementor-element elementor-element-849526c elementor-widget elementor-widget-text-editor\" data-id=\"849526c\" data-element_type=\"widget\" data-no-translation=\"\" data-widget_type=\"text-editor.default\">\n\t\t\t\t<div class=\"elementor-widget-container\">\n\t\t\t<style>.elementor-element-849526c{display:none !important}<\/style>\t\t<\/div>\n\t\t\t\t<\/div>\n\t\t\t\t\t<\/div>\n\t\t<\/div>\n\t\t\t\t\t\t\t<\/div>\n\t\t<\/section>\n\t\t\t\t<section class=\"elementor-section elementor-top-section elementor-element elementor-element-d072ef4 elementor-section-boxed elementor-section-height-default elementor-section-height-default\" data-id=\"d072ef4\" data-element_type=\"section\">\n\t\t\t\t\t\t<div class=\"elementor-container elementor-column-gap-default\">\n\t\t\t\t\t<div class=\"elementor-column elementor-col-100 elementor-top-column elementor-element elementor-element-94dbb72\" data-id=\"94dbb72\" data-element_type=\"column\">\n\t\t\t<div class=\"elementor-widget-wrap elementor-element-populated\">\n\t\t\t\t\t\t\t\t<div class=\"elementor-element elementor-element-27d5b8c elementor-widget elementor-widget-text-editor\" data-id=\"27d5b8c\" data-element_type=\"widget\" data-no-translation=\"\" data-widget_type=\"text-editor.default\">\n\t\t\t\t<div class=\"elementor-widget-container\">\n\t\t\t\t\t<div class=\"elementor-text-editor elementor-clearfix\"><p class=\"justice\">\n<strong>Jastrabia Turm 2137 m.\u00fc.d.M.<\/strong>, ist die\u00a0 interessanteste Sehensw\u00fcrdigkeit des Tals. Sein urspr\u00fcnglicher Name war \u201eK\u00f6nigsnase\u201c oder auch Karbunkul-Turm. Dieser Name war sehr bekannt unter Schatzsucher, die daran glaubten, dass sich auf seiner uneinnehmbaren Spitze der Edelstein Karbunkul befindet. Dieser Edelstein ist ein wichtiger Bestandteil vieler Legenden in der Slowakei. Der erste bekannte Aufstieg am 28.7.1891 wurde von Lajo\u0161 Petrik mit den Bergf\u00fchrern \u0160tefan und Matej Faith durchgef\u00fchrt. M\u00f6glicherweise waren Sie nicht die ersten Personen auf dem Gipfel. Auch der junge Graf \u0160tefan T\u00f4k\u00f4ly aus Ke\u017emarok befand sich in der N\u00e4he vom Jastrabia Turm, oder J.A. Papyrus, der 1771 in dieser Ortschaft ums Leben gekommen ist. Vielleicht war Maciej Sieczka schon im Jahr 1880 da, aber nirgendwo hat er seine Tat schriftlich eingeschrieben.\n<\/p><\/div>\n\t\t\t\t<\/div>\n\t\t\t\t<\/div>\n\t\t\t\t\t<\/div>\n\t\t<\/div>\n\t\t\t\t\t\t\t<\/div>\n\t\t<\/section>\n\t\t\t\t\t\t<\/div>\n\t\t\t\t\t<\/div>","protected":false},"excerpt":{"rendered":"<p>Jastrabia Turm 2137 m.\u00fc.d.M., ist die\u00a0 interessanteste Sehensw\u00fcrdigkeit des Tals. Sein urspr\u00fcnglicher Name war \u201eK\u00f6nigsnase\u201c oder auch Karbunkul-Turm. Dieser Name war sehr bekannt unter Schatzsucher, die daran glaubten, dass sich auf seiner uneinnehmbaren Spitze der Edelstein Karbunkul befindet. Dieser Edelstein ist ein wichtiger Bestandteil vieler Legenden in der Slowakei. Der erste bekannte Aufstieg am 28.7.1891 [&hellip;]<\/p>","protected":false},"author":1,"featured_media":0,"parent":0,"menu_order":0,"comment_status":"closed","ping_status":"closed","template":"","meta":{"footnotes":""},"class_list":["post-252","page","type-page","status-publish","hentry"],"aioseo_notices":[],"_links":{"self":[{"href":"http:\/\/chataprizelenomplese.sk\/de\/wp-json\/wp\/v2\/pages\/252","targetHints":{"allow":["GET"]}}],"collection":[{"href":"http:\/\/chataprizelenomplese.sk\/de\/wp-json\/wp\/v2\/pages"}],"about":[{"href":"http:\/\/chataprizelenomplese.sk\/de\/wp-json\/wp\/v2\/types\/page"}],"author":[{"embeddable":true,"href":"http:\/\/chataprizelenomplese.sk\/de\/wp-json\/wp\/v2\/users\/1"}],"replies":[{"embeddable":true,"href":"http:\/\/chataprizelenomplese.sk\/de\/wp-json\/wp\/v2\/comments?post=252"}],"version-history":[{"count":9,"href":"http:\/\/chataprizelenomplese.sk\/de\/wp-json\/wp\/v2\/pages\/252\/revisions"}],"predecessor-version":[{"id":7833,"href":"http:\/\/chataprizelenomplese.sk\/de\/wp-json\/wp\/v2\/pages\/252\/revisions\/7833"}],"wp:attachment":[{"href":"http:\/\/chataprizelenomplese.sk\/de\/wp-json\/wp\/v2\/media?parent=252"}],"curies":[{"name":"wp","href":"https:\/\/api.w.org\/{rel}","templated":true}]}}