{"id":390,"date":"2017-10-02T17:12:01","date_gmt":"2017-10-02T15:12:01","guid":{"rendered":"http:\/\/chataprizelenomplese.sk\/wp\/?page_id=390"},"modified":"2021-05-23T17:28:46","modified_gmt":"2021-05-23T15:28:46","slug":"jahnaci-stit","status":"publish","type":"page","link":"http:\/\/chataprizelenomplese.sk\/de\/jahnaci-stit\/","title":{"rendered":"Jah\u0148ac\u00ed \u0161t\u00edt"},"content":{"rendered":"<div id=\"envira-gallery-wrap-536\" class=\"envira-gallery-wrap envira-gallery-theme-base envira-lightbox-theme-base\" itemscope itemtype=\"https:\/\/schema.org\/ImageGallery\"><div data-row-height=\"\" data-gallery-theme=\"\" id=\"envira-gallery-536\" class=\"envira-gallery-public  envira-gallery-3-columns envira-clear enviratope envira-gallery-css-animations\" data-envira-columns=\"3\"><div id=\"envira-gallery-item-542\" class=\"envira-gallery-item enviratope-item envira-gallery-item-1\" style=\"padding-left: 5px; padding-bottom: 10px; padding-right: 5px;\"  itemscope itemtype=\"https:\/\/schema.org\/ImageObject\"><div class=\"envira-gallery-item-inner\"><div class=\"envira-gallery-position-overlay  envira-gallery-top-left\"><\/div><div class=\"envira-gallery-position-overlay  envira-gallery-top-right\"><\/div><div class=\"envira-gallery-position-overlay  envira-gallery-bottom-left\"><\/div><div class=\"envira-gallery-position-overlay  envira-gallery-bottom-right\"><\/div><a href=\"http:\/\/chataprizelenomplese.sk\/wp-content\/uploads\/2015\/09\/jahnaci_3.jpg\" class=\"envira-gallery-536 envira-gallery-link\" rel=\"enviragallery536\" title=\"jahnaci_3\" data-envira-caption=\"jahnaci_3\" data-envira-retina=\"\" data-thumbnail=\"\"  itemprop=\"contentUrl\"><div class=\"envira-lazy\" data-test-width=\"960\" data-test-height=\"300\" style=\"padding-bottom:31.25%;\"><img decoding=\"async\" id=\"envira-gallery-image-542\" class=\"envira-gallery-image envira-gallery-image-1\" data-envira-index=\"1\" src=\"http:\/\/chataprizelenomplese.sk\/wp-content\/uploads\/2015\/09\/jahnaci_3-1024x577.jpg\" data-envira-src=\"http:\/\/chataprizelenomplese.sk\/wp-content\/uploads\/2015\/09\/jahnaci_3-1024x577.jpg\" data-envira-gallery-id=\"536\" data-envira-item-id=\"542\" data-envira-caption=\"jahnaci_3\" alt=\"\" title=\"jahnaci_3\"  itemprop=\"thumbnailUrl\" data-envira-srcset=\"http:\/\/chataprizelenomplese.sk\/wp-content\/uploads\/2015\/09\/jahnaci_3-1024x577.jpg 400w,http:\/\/chataprizelenomplese.sk\/wp-content\/uploads\/2015\/09\/jahnaci_3-1024x577.jpg 2x\" srcset=\"data:image\/gif;base64,R0lGODlhAQABAIAAAP\/\/\/\/\/\/\/yH5BAEKAAEALAAAAAABAAEAAAICTAEAOw==\" \/><\/div><\/a><\/div><\/div><div id=\"envira-gallery-item-541\" class=\"envira-gallery-item enviratope-item envira-gallery-item-2\" style=\"padding-left: 5px; padding-bottom: 10px; padding-right: 5px;\"  itemscope itemtype=\"https:\/\/schema.org\/ImageObject\"><div class=\"envira-gallery-item-inner\"><div class=\"envira-gallery-position-overlay  envira-gallery-top-left\"><\/div><div class=\"envira-gallery-position-overlay  envira-gallery-top-right\"><\/div><div class=\"envira-gallery-position-overlay  envira-gallery-bottom-left\"><\/div><div class=\"envira-gallery-position-overlay  envira-gallery-bottom-right\"><\/div><a href=\"http:\/\/chataprizelenomplese.sk\/wp-content\/uploads\/2015\/09\/jahnaci_6.jpg\" class=\"envira-gallery-536 envira-gallery-link\" rel=\"enviragallery536\" title=\"jahnaci_6\" data-envira-caption=\"jahnaci_6\" data-envira-retina=\"\" data-thumbnail=\"\"  itemprop=\"contentUrl\"><div class=\"envira-lazy\" data-test-width=\"960\" data-test-height=\"300\" style=\"padding-bottom:31.25%;\"><img decoding=\"async\" id=\"envira-gallery-image-541\" class=\"envira-gallery-image envira-gallery-image-2\" data-envira-index=\"2\" src=\"http:\/\/chataprizelenomplese.sk\/wp-content\/uploads\/2015\/09\/jahnaci_6-1024x577.jpg\" data-envira-src=\"http:\/\/chataprizelenomplese.sk\/wp-content\/uploads\/2015\/09\/jahnaci_6-1024x577.jpg\" data-envira-gallery-id=\"536\" data-envira-item-id=\"541\" data-envira-caption=\"jahnaci_6\" alt=\"\" title=\"jahnaci_6\"  itemprop=\"thumbnailUrl\" data-envira-srcset=\"http:\/\/chataprizelenomplese.sk\/wp-content\/uploads\/2015\/09\/jahnaci_6-1024x577.jpg 400w,http:\/\/chataprizelenomplese.sk\/wp-content\/uploads\/2015\/09\/jahnaci_6-1024x577.jpg 2x\" srcset=\"data:image\/gif;base64,R0lGODlhAQABAIAAAP\/\/\/\/\/\/\/yH5BAEKAAEALAAAAAABAAEAAAICTAEAOw==\" \/><\/div><\/a><\/div><\/div><div id=\"envira-gallery-item-540\" class=\"envira-gallery-item enviratope-item envira-gallery-item-3\" style=\"padding-left: 5px; padding-bottom: 10px; padding-right: 5px;\"  itemscope itemtype=\"https:\/\/schema.org\/ImageObject\"><div class=\"envira-gallery-item-inner\"><div class=\"envira-gallery-position-overlay  envira-gallery-top-left\"><\/div><div class=\"envira-gallery-position-overlay  envira-gallery-top-right\"><\/div><div class=\"envira-gallery-position-overlay  envira-gallery-bottom-left\"><\/div><div class=\"envira-gallery-position-overlay  envira-gallery-bottom-right\"><\/div><a href=\"http:\/\/chataprizelenomplese.sk\/wp-content\/uploads\/2015\/09\/jahnaci_5.jpg\" class=\"envira-gallery-536 envira-gallery-link\" rel=\"enviragallery536\" title=\"jahnaci_5\" data-envira-caption=\"jahnaci_5\" data-envira-retina=\"\" data-thumbnail=\"\"  itemprop=\"contentUrl\"><div class=\"envira-lazy\" data-test-width=\"960\" data-test-height=\"300\" style=\"padding-bottom:31.25%;\"><img decoding=\"async\" id=\"envira-gallery-image-540\" class=\"envira-gallery-image envira-gallery-image-3\" data-envira-index=\"3\" src=\"http:\/\/chataprizelenomplese.sk\/wp-content\/uploads\/2015\/09\/jahnaci_5-1024x577.jpg\" data-envira-src=\"http:\/\/chataprizelenomplese.sk\/wp-content\/uploads\/2015\/09\/jahnaci_5-1024x577.jpg\" data-envira-gallery-id=\"536\" data-envira-item-id=\"540\" data-envira-caption=\"jahnaci_5\" alt=\"\" title=\"jahnaci_5\"  itemprop=\"thumbnailUrl\" data-envira-srcset=\"http:\/\/chataprizelenomplese.sk\/wp-content\/uploads\/2015\/09\/jahnaci_5-1024x577.jpg 400w,http:\/\/chataprizelenomplese.sk\/wp-content\/uploads\/2015\/09\/jahnaci_5-1024x577.jpg 2x\" srcset=\"data:image\/gif;base64,R0lGODlhAQABAIAAAP\/\/\/\/\/\/\/yH5BAEKAAEALAAAAAABAAEAAAICTAEAOw==\" \/><\/div><\/a><\/div><\/div><div id=\"envira-gallery-item-539\" class=\"envira-gallery-item enviratope-item envira-gallery-item-4\" style=\"padding-left: 5px; padding-bottom: 10px; padding-right: 5px;\"  itemscope itemtype=\"https:\/\/schema.org\/ImageObject\"><div class=\"envira-gallery-item-inner\"><div class=\"envira-gallery-position-overlay  envira-gallery-top-left\"><\/div><div class=\"envira-gallery-position-overlay  envira-gallery-top-right\"><\/div><div class=\"envira-gallery-position-overlay  envira-gallery-bottom-left\"><\/div><div class=\"envira-gallery-position-overlay  envira-gallery-bottom-right\"><\/div><a href=\"http:\/\/chataprizelenomplese.sk\/wp-content\/uploads\/2015\/09\/jahnaci_4.jpg\" class=\"envira-gallery-536 envira-gallery-link\" rel=\"enviragallery536\" title=\"jahnaci_4\" data-envira-caption=\"jahnaci_4\" data-envira-retina=\"\" data-thumbnail=\"\"  itemprop=\"contentUrl\"><div class=\"envira-lazy\" data-test-width=\"960\" data-test-height=\"300\" style=\"padding-bottom:31.25%;\"><img decoding=\"async\" id=\"envira-gallery-image-539\" class=\"envira-gallery-image envira-gallery-image-4\" data-envira-index=\"4\" src=\"http:\/\/chataprizelenomplese.sk\/wp-content\/uploads\/2015\/09\/jahnaci_4-1024x577.jpg\" data-envira-src=\"http:\/\/chataprizelenomplese.sk\/wp-content\/uploads\/2015\/09\/jahnaci_4-1024x577.jpg\" data-envira-gallery-id=\"536\" data-envira-item-id=\"539\" data-envira-caption=\"jahnaci_4\" alt=\"\" title=\"jahnaci_4\"  itemprop=\"thumbnailUrl\" data-envira-srcset=\"http:\/\/chataprizelenomplese.sk\/wp-content\/uploads\/2015\/09\/jahnaci_4-1024x577.jpg 400w,http:\/\/chataprizelenomplese.sk\/wp-content\/uploads\/2015\/09\/jahnaci_4-1024x577.jpg 2x\" srcset=\"data:image\/gif;base64,R0lGODlhAQABAIAAAP\/\/\/\/\/\/\/yH5BAEKAAEALAAAAAABAAEAAAICTAEAOw==\" \/><\/div><\/a><\/div><\/div><div id=\"envira-gallery-item-538\" class=\"envira-gallery-item enviratope-item envira-gallery-item-5\" style=\"padding-left: 5px; padding-bottom: 10px; padding-right: 5px;\"  itemscope itemtype=\"https:\/\/schema.org\/ImageObject\"><div class=\"envira-gallery-item-inner\"><div class=\"envira-gallery-position-overlay  envira-gallery-top-left\"><\/div><div class=\"envira-gallery-position-overlay  envira-gallery-top-right\"><\/div><div class=\"envira-gallery-position-overlay  envira-gallery-bottom-left\"><\/div><div class=\"envira-gallery-position-overlay  envira-gallery-bottom-right\"><\/div><a href=\"http:\/\/chataprizelenomplese.sk\/wp-content\/uploads\/2015\/09\/jahnaci_2.jpg\" class=\"envira-gallery-536 envira-gallery-link\" rel=\"enviragallery536\" title=\"jahnaci_2\" data-envira-caption=\"jahnaci_2\" data-envira-retina=\"\" data-thumbnail=\"\"  itemprop=\"contentUrl\"><div class=\"envira-lazy\" data-test-width=\"960\" data-test-height=\"300\" style=\"padding-bottom:31.25%;\"><img decoding=\"async\" id=\"envira-gallery-image-538\" class=\"envira-gallery-image envira-gallery-image-5\" data-envira-index=\"5\" src=\"http:\/\/chataprizelenomplese.sk\/wp-content\/uploads\/2015\/09\/jahnaci_2-1024x577.jpg\" data-envira-src=\"http:\/\/chataprizelenomplese.sk\/wp-content\/uploads\/2015\/09\/jahnaci_2-1024x577.jpg\" data-envira-gallery-id=\"536\" data-envira-item-id=\"538\" data-envira-caption=\"jahnaci_2\" alt=\"\" title=\"jahnaci_2\"  itemprop=\"thumbnailUrl\" data-envira-srcset=\"http:\/\/chataprizelenomplese.sk\/wp-content\/uploads\/2015\/09\/jahnaci_2-1024x577.jpg 400w,http:\/\/chataprizelenomplese.sk\/wp-content\/uploads\/2015\/09\/jahnaci_2-1024x577.jpg 2x\" srcset=\"data:image\/gif;base64,R0lGODlhAQABAIAAAP\/\/\/\/\/\/\/yH5BAEKAAEALAAAAAABAAEAAAICTAEAOw==\" \/><\/div><\/a><\/div><\/div><div id=\"envira-gallery-item-537\" class=\"envira-gallery-item enviratope-item envira-gallery-item-6\" style=\"padding-left: 5px; padding-bottom: 10px; padding-right: 5px;\"  itemscope itemtype=\"https:\/\/schema.org\/ImageObject\"><div class=\"envira-gallery-item-inner\"><div class=\"envira-gallery-position-overlay  envira-gallery-top-left\"><\/div><div class=\"envira-gallery-position-overlay  envira-gallery-top-right\"><\/div><div class=\"envira-gallery-position-overlay  envira-gallery-bottom-left\"><\/div><div class=\"envira-gallery-position-overlay  envira-gallery-bottom-right\"><\/div><a href=\"http:\/\/chataprizelenomplese.sk\/wp-content\/uploads\/2015\/09\/jahnaci_1.jpg\" class=\"envira-gallery-536 envira-gallery-link\" rel=\"enviragallery536\" title=\"jahnaci_1\" data-envira-caption=\"jahnaci_1\" data-envira-retina=\"\" data-thumbnail=\"\"  itemprop=\"contentUrl\"><div class=\"envira-lazy\" data-test-width=\"960\" data-test-height=\"300\" style=\"padding-bottom:31.25%;\"><img decoding=\"async\" id=\"envira-gallery-image-537\" class=\"envira-gallery-image envira-gallery-image-6\" data-envira-index=\"6\" src=\"http:\/\/chataprizelenomplese.sk\/wp-content\/uploads\/2015\/09\/jahnaci_1-1024x577.jpg\" data-envira-src=\"http:\/\/chataprizelenomplese.sk\/wp-content\/uploads\/2015\/09\/jahnaci_1-1024x577.jpg\" data-envira-gallery-id=\"536\" data-envira-item-id=\"537\" data-envira-caption=\"jahnaci_1\" alt=\"\" title=\"jahnaci_1\"  itemprop=\"thumbnailUrl\" data-envira-srcset=\"http:\/\/chataprizelenomplese.sk\/wp-content\/uploads\/2015\/09\/jahnaci_1-1024x577.jpg 400w,http:\/\/chataprizelenomplese.sk\/wp-content\/uploads\/2015\/09\/jahnaci_1-1024x577.jpg 2x\" srcset=\"data:image\/gif;base64,R0lGODlhAQABAIAAAP\/\/\/\/\/\/\/yH5BAEKAAEALAAAAAABAAEAAAICTAEAOw==\" \/><\/div><\/a><\/div><\/div><\/div><\/div><noscript><img decoding=\"async\" src=\"http:\/\/chataprizelenomplese.sk\/wp-content\/uploads\/2015\/09\/jahnaci_3.jpg\" alt=\"\" \/><img decoding=\"async\" src=\"http:\/\/chataprizelenomplese.sk\/wp-content\/uploads\/2015\/09\/jahnaci_6.jpg\" alt=\"\" \/><img decoding=\"async\" src=\"http:\/\/chataprizelenomplese.sk\/wp-content\/uploads\/2015\/09\/jahnaci_5.jpg\" alt=\"\" \/><img decoding=\"async\" src=\"http:\/\/chataprizelenomplese.sk\/wp-content\/uploads\/2015\/09\/jahnaci_4.jpg\" alt=\"\" \/><img decoding=\"async\" src=\"http:\/\/chataprizelenomplese.sk\/wp-content\/uploads\/2015\/09\/jahnaci_2.jpg\" alt=\"\" \/><img decoding=\"async\" src=\"http:\/\/chataprizelenomplese.sk\/wp-content\/uploads\/2015\/09\/jahnaci_1.jpg\" alt=\"\" \/><\/noscript>\n<p style=\"text-align: justify;\">Der Aufstieg zum<strong>\u00a0Jah\u0148ac\u00ed \u0161t\u00edt 2229 m.\u00fc.d.M.<\/strong>f\u00fchrt \u00fcber einen schmalen steilen Weg durch das Gestr\u00fcpp in das hoch gelegene Rotseetal.\u00a0 Wir laufen entlang des \u010cerven\u00e9- und des Belas\u00e9 Pleso und steigen bis zum Ende des Tals auf, von wo aus wir die Kletterketten unter dem Pflockseekerbe 2092 m.\u00fc.d.M. erreichen. Auf dem Weg zur\u00fcck nehmen wir denselben Wanderweg.<\/p>\n<p><iframe loading=\"lazy\" src=\"https:\/\/mapsengine.google.com\/map\/embed?mid=zmoPKE98zdYA.kYqQ1fYNKiwc\" width=\"640\" height=\"480\"><\/iframe><\/p>","protected":false},"excerpt":{"rendered":"<p>Der Aufstieg zum\u00a0Jah\u0148ac\u00ed \u0161t\u00edt 2229 m.\u00fc.d.M.f\u00fchrt \u00fcber einen schmalen steilen Weg durch das Gestr\u00fcpp in das hoch gelegene Rotseetal.\u00a0 Wir laufen entlang des \u010cerven\u00e9- und des Belas\u00e9 Pleso und steigen bis zum Ende des Tals auf, von wo aus wir die Kletterketten unter dem Pflockseekerbe 2092 m.\u00fc.d.M. erreichen. Auf dem Weg zur\u00fcck nehmen wir denselben [&hellip;]<\/p>","protected":false},"author":1,"featured_media":0,"parent":0,"menu_order":0,"comment_status":"closed","ping_status":"closed","template":"","meta":{"footnotes":""},"class_list":["post-390","page","type-page","status-publish","hentry"],"aioseo_notices":[],"_links":{"self":[{"href":"http:\/\/chataprizelenomplese.sk\/de\/wp-json\/wp\/v2\/pages\/390","targetHints":{"allow":["GET"]}}],"collection":[{"href":"http:\/\/chataprizelenomplese.sk\/de\/wp-json\/wp\/v2\/pages"}],"about":[{"href":"http:\/\/chataprizelenomplese.sk\/de\/wp-json\/wp\/v2\/types\/page"}],"author":[{"embeddable":true,"href":"http:\/\/chataprizelenomplese.sk\/de\/wp-json\/wp\/v2\/users\/1"}],"replies":[{"embeddable":true,"href":"http:\/\/chataprizelenomplese.sk\/de\/wp-json\/wp\/v2\/comments?post=390"}],"version-history":[{"count":3,"href":"http:\/\/chataprizelenomplese.sk\/de\/wp-json\/wp\/v2\/pages\/390\/revisions"}],"predecessor-version":[{"id":7235,"href":"http:\/\/chataprizelenomplese.sk\/de\/wp-json\/wp\/v2\/pages\/390\/revisions\/7235"}],"wp:attachment":[{"href":"http:\/\/chataprizelenomplese.sk\/de\/wp-json\/wp\/v2\/media?parent=390"}],"curies":[{"name":"wp","href":"https:\/\/api.w.org\/{rel}","templated":true}]}}