{"id":51,"date":"2018-10-22T02:30:49","date_gmt":"2018-10-22T02:30:49","guid":{"rendered":"http:\/\/demo.ovathemes.com\/hozing\/?page_id=51"},"modified":"2026-01-09T16:49:45","modified_gmt":"2026-01-09T15:49:45","slug":"home-page-1","status":"publish","type":"page","link":"http:\/\/chataprizelenomplese.sk\/de\/","title":{"rendered":"Domov"},"content":{"rendered":"<div data-elementor-type=\"wp-post\" data-elementor-id=\"51\" class=\"elementor elementor-51\" data-elementor-settings=\"[]\">\n\t\t\t\t\t\t\t<div class=\"elementor-section-wrap\">\n\t\t\t\t\t\t\t<section class=\"elementor-section elementor-top-section elementor-element elementor-element-8450e82 elementor-section-full_width elementor-section-height-default elementor-section-height-default\" data-id=\"8450e82\" data-element_type=\"section\">\n\t\t\t\t\t\t<div class=\"elementor-container elementor-column-gap-no\">\n\t\t\t\t\t<div class=\"elementor-column elementor-col-100 elementor-top-column elementor-element elementor-element-8e4f2f5\" data-id=\"8e4f2f5\" data-element_type=\"column\">\n\t\t\t<div class=\"elementor-widget-wrap elementor-element-populated\">\n\t\t\t\t\t\t\t\t<div class=\"elementor-element elementor-element-6bfabee elementor-hidden-phone elementor-widget elementor-widget-ova_slideshow\" data-id=\"6bfabee\" data-element_type=\"widget\" data-no-translation=\"\" data-widget_type=\"ova_slideshow.default\">\n\t\t\t\t<div class=\"elementor-widget-container\">\n\t\t\t<style>.elementor-element-6bfabee{display:none !important}<\/style>\t\t<\/div>\n\t\t\t\t<\/div>\n\t\t\t\t<div class=\"elementor-element elementor-element-c648c64 elementor-hidden-desktop elementor-widget elementor-widget-ova_slideshow\" data-id=\"c648c64\" data-element_type=\"widget\" data-no-translation=\"\" data-widget_type=\"ova_slideshow.default\">\n\t\t\t\t<div class=\"elementor-widget-container\">\n\t\t\t<style>.elementor-element-c648c64{display:none !important}<\/style>\t\t<\/div>\n\t\t\t\t<\/div>\n\t\t\t\t<div class=\"elementor-element elementor-element-22a3589 elementor-hidden-phone elementor-widget elementor-widget-ova_slideshow\" data-id=\"22a3589\" data-element_type=\"widget\" data-no-translation=\"\" data-widget_type=\"ova_slideshow.default\">\n\t\t\t\t<div class=\"elementor-widget-container\">\n\t\t\t<style>.elementor-element-22a3589{display:none !important}<\/style>\t\t<\/div>\n\t\t\t\t<\/div>\n\t\t\t\t<div class=\"elementor-element elementor-element-7ab50d4 elementor-hidden-desktop elementor-widget elementor-widget-ova_slideshow\" data-id=\"7ab50d4\" data-element_type=\"widget\" data-no-translation=\"\" data-widget_type=\"ova_slideshow.default\">\n\t\t\t\t<div class=\"elementor-widget-container\">\n\t\t\t<style>.elementor-element-7ab50d4{display:none !important}<\/style>\t\t<\/div>\n\t\t\t\t<\/div>\n\t\t\t\t<div class=\"elementor-element elementor-element-60506d9 elementor-hidden-phone elementor-widget elementor-widget-ova_slideshow\" data-id=\"60506d9\" data-element_type=\"widget\" data-no-translation=\"\" data-widget_type=\"ova_slideshow.default\">\n\t\t\t\t<div class=\"elementor-widget-container\">\n\t\t\t\t\t<div class=\"ova_slideshow elementor-slides-wrapper line_style\" dir=\"ltr\">\n\t\t\t<div class=\"elementor-slides owl-carousel owl-theme owl-loaded animated owl-animated-out owl-animated-in\" data-owl_carousel=\"{&quot;items&quot;:1,&quot;singleItem&quot;:1,&quot;autoplayTimeout&quot;:8000,&quot;autoplay&quot;:true,&quot;loop&quot;:false,&quot;lazyLoad&quot;:true,&quot;nav&quot;:false,&quot;dots&quot;:false,&quot;rtl&quot;:false,&quot;dotsClass&quot;:&quot;owl-dots hide_in_mobile&quot;,&quot;navText&quot;:[&quot;&lt;i class=\\&quot;fa fa-angle-left\\&quot; aria-hidden=\\&quot;true\\&quot;&gt;&lt;\\\/i&gt;&quot;,&quot;&lt;i class=\\&quot;fa fa-angle-right\\&quot; aria-hidden=\\&quot;true\\&quot;&gt;&lt;\\\/i&gt;&quot;]}\">\n\t\t\t\t<div class=\"elementor-repeater-item-9dbac44 items\" data-dot=\" <div>Master Room<\/div> <button><span><\/span><\/button>\"><div class=\"slide-bg elementor-ken-out\" ><\/div>\n\t\t\t\t\t\t\t<div class=\"slide-inner\"><div class=\"elementor-background-overlay\"><\/div><div class=\"container\"><div class=\"row\"><div class=\"elementor-slide-content\"><div class=\"second_font elementor-slide-subtitle\"><\/div><div data-animation=\"fadeInUp\" data-animation_dur=\"1000\"  class=\"second_font elementor-slide-title\" style=\"animation-duration: 1000ms\">H\u00fctte beim Gr\u00fcnen See<\/div><div class=\"elementor-slide-description\" data-animation=\"fadeInUp\" data-animation_dur=\"1500\" style=\"animation-duration: 1500ms\">bietet Unterkunft in der Kategorie der Touristenherberge, was in der Praxis bedeutet, dass wir nicht das Hotelsystem - Zimmergesch\u00e4fte, sondern bestimmte Schlafpl\u00e4tze - Betten unterbringen\n<\/div><a href=\"\/zakladne-informacie-o-chate-a-ubytovaci-poriadok\" data-animation=\"slideInUp\" data-animation_dur=\"2000\" style=\"animation-duration: 2000ms\" class=\"elementor-slide-button\">Weiterlesen<\/a><\/div><\/div><\/div><\/div><\/div>\t\t\t<\/div>\n\t\t<\/div>\n\t\t\t\t<\/div>\n\t\t\t\t<\/div>\n\t\t\t\t<div class=\"elementor-element elementor-element-f0d1333 elementor-hidden-desktop elementor-widget elementor-widget-ova_slideshow\" data-id=\"f0d1333\" data-element_type=\"widget\" data-no-translation=\"\" data-widget_type=\"ova_slideshow.default\">\n\t\t\t\t<div class=\"elementor-widget-container\">\n\t\t\t\t\t<div class=\"ova_slideshow elementor-slides-wrapper line_style\" dir=\"ltr\">\n\t\t\t<div class=\"elementor-slides owl-carousel owl-theme owl-loaded animated owl-animated-out owl-animated-in\" data-owl_carousel=\"{&quot;items&quot;:1,&quot;singleItem&quot;:1,&quot;autoplayTimeout&quot;:8000,&quot;autoplay&quot;:true,&quot;loop&quot;:false,&quot;lazyLoad&quot;:true,&quot;nav&quot;:false,&quot;dots&quot;:false,&quot;rtl&quot;:false,&quot;dotsClass&quot;:&quot;owl-dots hide_in_mobile&quot;,&quot;navText&quot;:[&quot;&lt;i class=\\&quot;fa fa-angle-left\\&quot; aria-hidden=\\&quot;true\\&quot;&gt;&lt;\\\/i&gt;&quot;,&quot;&lt;i class=\\&quot;fa fa-angle-right\\&quot; aria-hidden=\\&quot;true\\&quot;&gt;&lt;\\\/i&gt;&quot;]}\">\n\t\t\t\t<div class=\"elementor-repeater-item-9dbac44 items\" data-dot=\" <div>Master Room<\/div> <button><span><\/span><\/button>\"><div class=\"slide-bg elementor-ken-out\" ><\/div>\n\t\t\t\t\t\t\t<div class=\"slide-inner\"><div class=\"elementor-background-overlay\"><\/div><div class=\"container\"><div class=\"row\"><div class=\"elementor-slide-content\"><div class=\"second_font elementor-slide-subtitle\"><\/div><div data-animation=\"fadeInUp\" data-animation_dur=\"1000\"  class=\"second_font elementor-slide-title\" style=\"animation-duration: 1000ms\">H\u00fctte beim Gr\u00fcnen See<\/div><div class=\"elementor-slide-description\" data-animation=\"fadeInUp\" data-animation_dur=\"1500\" style=\"animation-duration: 1500ms\">bietet Unterkunft in der Kategorie der Touristenherberge, was in der Praxis bedeutet, dass wir nicht das Hotelsystem - Zimmergesch\u00e4fte, sondern bestimmte Schlafpl\u00e4tze - Betten unterbringen<\/div><a href=\"\/zakladne-informacie-o-chate-a-ubytovaci-poriadok\" data-animation=\"slideInUp\" data-animation_dur=\"2000\" style=\"animation-duration: 2000ms\" class=\"elementor-slide-button\">Weiterlesen<\/a><\/div><\/div><\/div><\/div><\/div>\t\t\t<\/div>\n\t\t<\/div>\n\t\t\t\t<\/div>\n\t\t\t\t<\/div>\n\t\t\t\t\t<\/div>\n\t\t<\/div>\n\t\t\t\t\t\t\t<\/div>\n\t\t<\/section>\n\t\t\t\t<section class=\"elementor-section elementor-top-section elementor-element elementor-element-c615a76 elementor-section-boxed elementor-section-height-default elementor-section-height-default\" data-id=\"c615a76\" data-element_type=\"section\" data-no-translation=\"\">\n\t\t\t\t\t\t<div class=\"elementor-container elementor-column-gap-default\">\n\t\t\t\t\t<div class=\"elementor-column elementor-col-100 elementor-top-column elementor-element elementor-element-f7dc05b\" data-id=\"f7dc05b\" data-element_type=\"column\">\n\t\t\t<div class=\"elementor-widget-wrap elementor-element-populated\">\n\t\t\t\t\t\t\t\t<div class=\"elementor-element elementor-element-b674a50 elementor-widget elementor-widget-text-editor\" data-id=\"b674a50\" data-element_type=\"widget\" data-no-translation=\"\" data-widget_type=\"text-editor.default\">\n\t\t\t\t<div class=\"elementor-widget-container\">\n\t\t\t\t\t<div class=\"elementor-text-editor elementor-clearfix\"><div class=\"container\" style=\"margin-top: 0px; margin-bottom: 0px; border: 0px; font-variant-numeric: inherit; font-variant-east-asian: inherit; font-stretch: inherit; font-size: 12px; line-height: inherit; vertical-align: baseline; position: relative; color: #666666;\"><div style=\"font-weight: 800; font-size: 21px;\"><span style=\"letter-spacing: 0px;\">In der H\u00fctte gibt es eine schwache Telefonleitung<\/span><\/div><div style=\"font-weight: 800; font-size: 21px;\">Wir haben kein Datensignal und kein WLAN. Es ist nicht m\u00f6glich, E-Fables aufzuladen oder zu bezahlen<br \/>nur in bar m\u00f6glich<\/div><div class=\"sixteen columns\"><div id=\"page-title\"><h1 class=\"has-breadcrumbs\">The Cottage at Zelen\u00e9 pleso<\/h1><div id=\"bolded-line\" style=\"margin: -18px 0px 10px; padding: 0px; border: 0px; font: inherit; vertical-align: baseline; text-indent: -9999px; height: 3px; width: 100px; background: #72b626;\">\u00a0<\/div><\/div><\/div><\/div><div class=\"container\"><div class=\"twelve columns\" style=\"margin-top: 10px;\"><div id=\"post-6\" class=\"post post-6 page type-page status-publish hentry\"><p><strong>The Cottage at Zelen\u00e9 pleso<\/strong>ist das ganze Jahr \u00fcber ge\u00f6ffnet. Den Besuchern wird eine gro\u00dfe Auswahl an<br \/>Getr\u00e4nken und Mahlzeiten angeboten. Die<br \/>Bergh\u00fctte bietet Unterkunft f\u00fcr 56 Personen in Mehrbettzimmern mit kompletter<br \/>Zimmereinrichtung, mit Betten und Bettw\u00e4sche. Bei \u00dcbernachtung ist die<br \/>Bettw\u00e4sche automatisch im Preis enthalten. Es ist nicht m\u00f6glich, mit dem<br \/>eigenen Schlafsack im Zimmer zu schlafen. In Zimmern befinden sich mehrere<br \/>Betten, daher werden Zimmer meistens zwischen Touristen geteilt. Die Unterkunft muss im Voraus per E-Mail<br \/>gebucht werden. Es ist nicht m\u00f6glich, eine Reservierung per Telefon<br \/>vorzunehmen. Die Unterkunft f\u00fcr den gesamten Aufenthalt wird im Voraus bei der<br \/>Ankunft bezahlt. Erm\u00e4\u00dfigungen werden nur den James- oder Mountain<br \/>Hikers-Mitgliedern und nur bei \u00dcbernachtung in einem Zimmer gew\u00e4hrleistet. F\u00fcr<br \/>\u00dcbernachtungen in Notf\u00e4llen, wenn die Betten nicht ausreichend sind, (Schlafen<br \/>im eigenen Schlafsack) werden diese Rabatte nicht gew\u00e4hrleistet. Nach Ihrer<br \/>Ankunft f\u00fcllen Sie ein Unterkunftsformular aus, bezahlen Ihren Betrag und<br \/>erhalten dann den Zimmerschl\u00fcssel. Das Fr\u00fchst\u00fcck wird das ganze Jahr \u00fcber von<br \/>6:30 bis 8:00 Uhr serviert. Das Abendessen wird um 19:00 Uhr serviert.<\/p><p>Das erste Geb\u00e4ude im Tal,<br \/>das von Touristen besucht wurde, war seit 1876 die Egidova Chata (dt. \u00c4gidius<br \/>H\u00fctte), die nach dem Vorsitzenden der UCA Egid Barzeviczym, dem Initiator des<br \/>Baus, benannt wurde. Diese H\u00fctte wurde<br \/>im Jahre 1880 an das Nordufer des Gr\u00fcnen Sees verlegt, doch 1882 wurde sie von<br \/>einem Sturm besch\u00e4digt. Nach drei Jahren<br \/>ohne jegliche Besch\u00e4digungen, wurde die Bergh\u00fctte nach der Verlegung an das<br \/>S\u00fcdufer im Jahr 1877 durch Br\u00e4nde zerst\u00f6rt.<br \/>Sie wurde im Jahr 1897 umgebaut, und ab dem 4.7.1897 von Touristen<br \/>besucht. Seit dem steht sie wieder am Nordufer des Sees. Die Bergh\u00fctte wurde am 27.8.1897 offiziell<br \/>er\u00f6ffnet. Fr\u00fcher wurde sie nach dem Erzherzog Friedrich von Habsburg benannt &#8211;<br \/>Friedrich H\u00fctte. Nach dem Sturz der Monarchie wurde sie bis 1950 H\u00fctte beim<br \/>Gr\u00fcnen See genannt. Sp\u00e4ter erhielt sie den Namen Brn\u010dalova chata, bis sie 1992<br \/>wieder in H\u00fctte beim Gr\u00fcnen See umbenannt wurde. Der Gr\u00fcnen See ist einer der<br \/>sch\u00f6nsten Seen in der Hohen Tatra.<\/p><\/div><\/div><\/div><\/div>\n\t\t\t\t<\/div>\n\t\t\t\t<\/div>\n\t\t\t\t\t<\/div>\n\t\t<\/div>\n\t\t\t\t\t\t\t<\/div>\n\t\t<\/section>\n\t\t\t\t<section class=\"elementor-section elementor-top-section elementor-element elementor-element-1e41570 elementor-section-boxed elementor-section-height-default elementor-section-height-default\" data-id=\"1e41570\" data-element_type=\"section\" data-settings=\"{&quot;background_background&quot;:&quot;classic&quot;}\" data-no-translation=\"\">\n\t\t\t\t\t\t\t<div class=\"elementor-background-overlay\"><\/div>\n\t\t\t\t\t\t\t<div class=\"elementor-container elementor-column-gap-default\">\n\t\t\t\t\t<div class=\"elementor-column elementor-col-100 elementor-top-column elementor-element elementor-element-ee9d355\" data-id=\"ee9d355\" data-element_type=\"column\">\n\t\t\t<div class=\"elementor-widget-wrap elementor-element-populated\">\n\t\t\t\t\t\t\t\t<div class=\"elementor-element elementor-element-58a0335 elementor-widget elementor-widget-ova_about\" data-id=\"58a0335\" data-element_type=\"widget\" data-widget_type=\"ova_about.default\">\n\t\t\t\t<div class=\"elementor-widget-container\">\n\t\t\t\n\t\t\n\t\t\n\t\t\t\t\t<div class=\"ova-about about_version_3\">\n\t\t\t\t<div class=\"img-icon\">\n\t\t\t\t\t<img decoding=\"async\" src=\"http:\/\/demo.ovathemes.com\/hozing\/wp-content\/uploads\/2018\/12\/icon-about.png\" alt=\"\">\n\t\t\t\t<\/div>\n\t\t\t\t<div class=\"content\">\n\t\t\t\t\t<h3 class=\"title\">Unterkunftsreservierung nur per E-Mail:<\/h3>\n\t\t\t\t\t<div class=\"desc\">\n\t\t\t\t\t\ttatry@chataprizelenomplese.sk\t\t\t\t\t<\/div>\n\t\t\t\t\t<div class=\"more\">\n\t\t\t\t\t\t<a href=\"#\" class=\"read-more\" ><i class=\"\"><\/i><\/a>\n\t\t\t\t\t<\/div>\n\t\t\t\t\t\n\t\t\t\t<\/div>\n\t\t\t<\/div>\n\t\t\n\t\t\t<\/div>\n\t\t\t\t<\/div>\n\t\t\t\t\t<\/div>\n\t\t<\/div>\n\t\t\t\t\t\t\t<\/div>\n\t\t<\/section>\n\t\t\t\t\t\t<\/div>\n\t\t\t\t\t<\/div>","protected":false},"excerpt":{"rendered":"<p>Master Room &#8222;> Chata pri zelenom plese poskytuje ubytovanie kateg\u00f3rie turistickej ubytovne, to v praxi znamen\u00e1, \u017ee neubytov\u00e1vame hotelov\u00fdm syst\u00e9mom \u2013 predajom izby, ale konkr\u00e9tneho miesta na spanie \u2013 postele &#8230; \u010dita\u0165 viac Master Room &#8222;> Chata pri zelenom plese poskytuje ubytovanie kateg\u00f3rie turistickej ubytovne, to v praxi znamen\u00e1, \u017ee neubytov\u00e1vame hotelov\u00fdm syst\u00e9mom \u2013 predajom [&hellip;]<\/p>","protected":false},"author":1,"featured_media":0,"parent":0,"menu_order":0,"comment_status":"closed","ping_status":"closed","template":"elementor_header_footer","meta":{"footnotes":""},"class_list":["post-51","page","type-page","status-publish","hentry"],"aioseo_notices":[],"_links":{"self":[{"href":"http:\/\/chataprizelenomplese.sk\/de\/wp-json\/wp\/v2\/pages\/51","targetHints":{"allow":["GET"]}}],"collection":[{"href":"http:\/\/chataprizelenomplese.sk\/de\/wp-json\/wp\/v2\/pages"}],"about":[{"href":"http:\/\/chataprizelenomplese.sk\/de\/wp-json\/wp\/v2\/types\/page"}],"author":[{"embeddable":true,"href":"http:\/\/chataprizelenomplese.sk\/de\/wp-json\/wp\/v2\/users\/1"}],"replies":[{"embeddable":true,"href":"http:\/\/chataprizelenomplese.sk\/de\/wp-json\/wp\/v2\/comments?post=51"}],"version-history":[{"count":248,"href":"http:\/\/chataprizelenomplese.sk\/de\/wp-json\/wp\/v2\/pages\/51\/revisions"}],"predecessor-version":[{"id":8194,"href":"http:\/\/chataprizelenomplese.sk\/de\/wp-json\/wp\/v2\/pages\/51\/revisions\/8194"}],"wp:attachment":[{"href":"http:\/\/chataprizelenomplese.sk\/de\/wp-json\/wp\/v2\/media?parent=51"}],"curies":[{"name":"wp","href":"https:\/\/api.w.org\/{rel}","templated":true}]}}