{"id":33,"date":"2017-06-24T13:32:10","date_gmt":"2017-06-24T11:32:10","guid":{"rendered":"http:\/\/chataprizelenomplese.sk\/wp\/?page_id=33"},"modified":"2021-04-11T14:08:30","modified_gmt":"2021-04-11T12:08:30","slug":"navstevny-a-ubytovaci-poriadok","status":"publish","type":"page","link":"http:\/\/chataprizelenomplese.sk\/en\/navstevny-a-ubytovaci-poriadok\/","title":{"rendered":"N\u00e1v\u0161tevn\u00fd a ubytovac\u00ed poriadok"},"content":{"rendered":"<h2 style=\"text-align: center;\"><strong>N\u00e1v\u0161tevn\u00fd a&nbsp;ubytovac\u00ed poriadok <\/strong><\/h2>\n<h2 style=\"text-align: center;\"><strong>na vysokohorsk\u00fdch chat\u00e1ch vo vlastn\u00edctve <\/strong><\/h2>\n<h2 style=\"text-align: center;\"><strong>&nbsp;<\/strong><\/h2>\n<h2 style=\"text-align: center;\"><strong>Klubu slovensk\u00fdch turistov (KST) <\/strong><\/h2>\n<h2 style=\"text-align: center;\"><strong>a&nbsp;<\/strong><\/h2>\n<h2 style=\"text-align: center;\"><strong>Slovensk\u00e9ho horolezeck\u00e9ho spolku JAMES (SHS JAMES)<\/strong><\/h2>\n<p>&nbsp;<\/p>\n<p style=\"text-align: justify;\">N\u00e1v\u0161tevn\u00fd a&nbsp;ubytovac\u00ed poriadok na vysokohorsk\u00fdch chat\u00e1ch vo vlastn\u00edctve KST a&nbsp;SHS JAMES (<strong>Chata pri Zelenom plese, T\u00e9ryho chata, Zbojn\u00edcka chata a&nbsp;Chata pod Rysmi<\/strong>) plat\u00ed pre v\u0161etk\u00fdch n\u00e1v\u0161tevn\u00edkov ktorejko\u013evek z t\u00fdchto ch\u00e1t a s\u00fa\u010dasne ur\u010duje ich pr\u00e1va a&nbsp;povinnosti. Dodr\u017eiavanie ni\u017e\u0161ie uveden\u00fdch pravidiel vedie k&nbsp;spolupatri\u010dnosti a&nbsp;oh\u013eaduplnosti n\u00e1v\u0161tevn\u00edkov a z\u00e1rove\u0148 zais\u0165uje ochranu ch\u00e1t napr. pred po\u017eiarom. Okrem toho na chat\u00e1ch platia v\u0161eobecn\u00e9 z\u00e1sady a normy medzi\u013eudsk\u00fdch vz\u0165ahov.<\/p>\n<p style=\"text-align: justify;\">\n<\/p><p style=\"text-align: justify;\">\n<\/p><p style=\"text-align: justify;\"><strong>1)<\/strong> Ka\u017ed\u00fd n\u00e1v\u0161tevn\u00edk, ktor\u00fd m\u00e1 z\u00e1ujem sa na chate ubytova\u0165, m\u00e1 povinnos\u0165 sa pri pr\u00edchode ohl\u00e1si\u0165 person\u00e1lu chaty a&nbsp;predlo\u017ei\u0165 identifika\u010dn\u00fd doklad.<\/p>\n<p style=\"text-align: justify;\">\n<\/p><p style=\"text-align: justify;\"><strong>2)<\/strong> Zmluvn\u00fa 50% z\u013eavu na ubytovan\u00ed po preuk\u00e1zan\u00ed sa platn\u00fdm \u010dlensk\u00fdm preukazom maj\u00fa \u010dlenovia Klubu slovensk\u00fdch turistov (KST), Slovensk\u00e9ho horolezeck\u00e9ho spolku JAMES (SHS JAMES), \u00d6sterreichischer Touristenklub (\u00d6TK) a&nbsp;\u010cesk\u00e9ho horolezeck\u00e9ho zv\u00e4zu (\u010cHS).<\/p>\n<p style=\"text-align: justify;\">\n<\/p><p style=\"text-align: justify;\"><strong>3)<\/strong> Prednos\u0165 na l\u00f4\u017eko pred ostatn\u00fdmi n\u00e1v\u0161tevn\u00edkmi chaty maj\u00fa chor\u00ed alebo zranen\u00ed, pre ktor\u00fdch zostup do doliny z d\u00f4vodu ich zdravotn\u00e9ho stavu nie je mo\u017en\u00fd.<\/p>\n<p style=\"text-align: justify;\">\n<\/p><p style=\"text-align: justify;\"><strong>4)<\/strong> Konzum\u00e1cia jedla z donesen\u00fdch z\u00e1sob nie je povolen\u00e1 v priestoroch jed\u00e1lne. Konzumova\u0165 vlastn\u00e9 z\u00e1soby a vari\u0165 je povolen\u00e9 iba na mieste na to vyhradenom.<\/p>\n<p style=\"text-align: justify;\">\n<\/p><p style=\"text-align: justify;\"><strong>5)<\/strong> Existuj\u00face samoobslu\u017en\u00e9 priestory na chate sl\u00fa\u017eiace na vlastn\u00fa pr\u00edpravu jedla a&nbsp;n\u00e1pojov s\u00fa vyhraden\u00e9 iba ubytovan\u00fdm n\u00e1v\u0161tevn\u00edkom. N\u00e1v\u0161tevn\u00edci, ktor\u00ed samoobslu\u017en\u00e9 priestory vyu\u017e\u00edvaj\u00fa, s\u00fa povinn\u00ed v&nbsp;nich udr\u017eiava\u0165 poriadok a&nbsp;\u010distotu.<\/p>\n<p style=\"text-align: justify;\">\n<\/p><p style=\"text-align: justify;\"><strong>6)<\/strong> N\u00e1v\u0161tevn\u00edci si musia sami znies\u0165 do doliny v\u0161etky svoje odpadky.<\/p>\n<p style=\"text-align: justify;\">\n<\/p><p style=\"text-align: justify;\"><strong>7)<\/strong> No\u010dn\u00fd k\u013eud na chat\u00e1ch je v dobe od <strong>22:00 h<\/strong> do <strong>6:00 h.<\/strong> N\u00e1v\u0161tevn\u00edci, ktor\u00ed vst\u00e1vaj\u00fa sk\u00f4r, ako skon\u010d\u00ed doba no\u010dn\u00e9ho k\u013eudu, sa musia spr\u00e1va\u0165 oh\u013eaduplne a nesm\u00fa ostatn\u00fdch ru\u0161i\u0165.<\/p>\n<p style=\"text-align: justify;\">\n<\/p><p style=\"text-align: justify;\"><strong>8)<\/strong> Chat\u00e1r je povinn\u00fd zabezpe\u010di\u0165&nbsp;k\u013eud na chate. Db\u00e1 o&nbsp;to, aby ostatn\u00ed n\u00e1v\u0161tevn\u00edci neboli ru\u0161en\u00ed hlu\u010dnou z\u00e1bavou in\u00fdch n\u00e1v\u0161tevn\u00edkov, hudbou z r\u00e1dia, TV a&nbsp;pod. Hra na hudobn\u00e9 n\u00e1stroje je povolen\u00e1 iba po dohode s chat\u00e1rom.<\/p>\n<p style=\"text-align: justify;\">\n<\/p><p style=\"text-align: justify;\"><strong>9)<\/strong> Faj\u010denie vo v\u0161etk\u00fdch &nbsp;priestoroch chaty je pr\u00edsne zak\u00e1zan\u00e9.<\/p>\n<p style=\"text-align: justify;\">\n<\/p><p style=\"text-align: justify;\"><strong>10)<\/strong> Do izieb je zak\u00e1zan\u00fd vstup vo vibramoch, trekov\u00fdch top\u00e1nkach i v&nbsp;ly\u017eiarsk\u00fdch top\u00e1nkach. Je zak\u00e1zan\u00e9 vstupova\u0165 do priestorov chaty v&nbsp;st\u00fapac\u00edch \u017eelez\u00e1ch \u2013ma\u010dk\u00e1ch. Na izb\u00e1ch ale aj v&nbsp;in\u00fdch priestoroch chaty s&nbsp;v\u00fdnimkou priestorov \u0161peci\u00e1lne na to ur\u010den\u00fdch, je pr\u00edsne zak\u00e1zan\u00e1 manipul\u00e1cia s otvoren\u00fdm oh\u0148om (svie\u010dky, vari\u010de a&nbsp;pod.)<\/p>\n<p style=\"text-align: justify;\">\n<\/p><p style=\"text-align: justify;\"><strong>11)<\/strong> Pri obsaden\u00ed chaty a nedostatku miesta na sedenie nesm\u00fa by\u0165 miesta na sedenie ak\u00fdmko\u013evek sp\u00f4sobom dopredu rezervovan\u00e9, je nutn\u00e9 bra\u0165 oh\u013ead na ostatn\u00fdch n\u00e1v\u0161tevn\u00edkov.<\/p>\n<p style=\"text-align: justify;\"><strong>&nbsp;<\/strong><\/p>\n<p style=\"text-align: justify;\"><strong>12)<\/strong> Zvierat\u00e1 sa nesm\u00fa pohybova\u0165 v priestoroch s&nbsp;l\u00f4\u017ekami a v kuchyni.Volne sa nesm\u00fa pohybova\u0165 ani v&nbsp;priestoroch jed\u00e1lne.<\/p>\n<p style=\"text-align: justify;\">\n<\/p><p style=\"text-align: justify;\"><strong>13)<\/strong> Za ak\u00e9ko\u013evek po\u0161kodenie chaty, jej zariadenia \u010di vybavenia je plne zodpovedn\u00fd so v\u0161etk\u00fdmi n\u00e1sledkami ten, kto toto po\u0161kodenie sp\u00f4sobil,. Za spr\u00e1vanie sa det\u00ed s\u00fa plne zodpovedn\u00ed ich rodi\u010dia alebo osoby, ktor\u00e9 deti sprev\u00e1dzaj\u00fa.<\/p>\n<p style=\"text-align: justify;\">\n<\/p><p style=\"text-align: justify;\"><strong>14)<\/strong> Za kontrolu a&nbsp;zabezpe\u010dovanie dodr\u017eiavania n\u00e1v\u0161tevn\u00e9ho a&nbsp;ubytovacieho poriadku na vysokohorsk\u00fdch chat\u00e1ch je zodpovedn\u00fd chat\u00e1r s&nbsp;person\u00e1lom. V pr\u00edpade nedodr\u017eiavania n\u00e1v\u0161tevn\u00e9ho a&nbsp;ubytovacieho poriadku m\u00f4\u017ee by\u0165 n\u00e1v\u0161tevn\u00edk z chaty vyk\u00e1zan\u00fd.<\/p>\n<p style=\"text-align: justify;\">\n<\/p><p style=\"text-align: justify;\"><strong>15)<\/strong> Chat\u00e1r a&nbsp;person\u00e1l je povinn\u00fd dodr\u017eiava\u0165 platn\u00fd cenn\u00edk ubytovania, jedla a&nbsp;n\u00e1pojov, ktor\u00fd mus\u00ed by\u0165 vyvesen\u00fd na vidite\u013enom mieste.<\/p>\n<p style=\"text-align: justify;\">\n<\/p><p style=\"text-align: justify;\"><strong>16)<\/strong> Reklam\u00e1cie a s\u0165a\u017enosti n\u00e1v\u0161tevn\u00edkov chaty sa maj\u00fa prednostne vybavova\u0165 na chate. N\u00e1v\u0161tevn\u00edk m\u00e1 mo\u017enos\u0165 zasla\u0165 s\u0165a\u017enos\u0165 p\u00edsomnou formou na nasledovn\u00e9 adresy vlastn\u00edkov chaty &#8211; KST a SHS JAMES:<\/p>\n<p style=\"text-align: justify;\">\n<\/p><p style=\"text-align: justify;\"><strong>Klub slovensk\u00fdch turistov (KST)<\/strong><\/p>\n<p style=\"text-align: justify;\">Z\u00e1borsk\u00e9ho 33<\/p>\n<p style=\"text-align: justify;\">831 03 Bratislava<\/p>\n<p style=\"text-align: justify;\"><strong>e-mail: <\/strong><a href=\"mailto:ustredie@kst.sk\">ustredie@kst.sk<\/a><\/p>\n<p style=\"text-align: justify;\">\n<\/p><p style=\"text-align: justify;\"><strong>Slovensk\u00fd horolezeck\u00fd spolok JAMES (SHS JAMES)<br>\n<\/strong>Jun\u00e1cka 6<\/p>\n<p style=\"text-align: justify;\">832 80 Bratislava<strong>&nbsp;<\/strong><strong><br>\n<\/strong><strong>email:&nbsp;<\/strong><a href=\"mailto:office@james.sk\"><strong>office@james.sk<\/strong><\/a><\/p>\n<p style=\"text-align: justify;\">\n<\/p><p style=\"text-align: justify;\"><strong>17)<\/strong> N\u00e1v\u0161tevn\u00edk m\u00e1 pr\u00e1vo n\u00fadzovo prenocova\u0165 v pr\u00edpade nepriazniv\u00fdch poveternostn\u00fdch podmienok alebo zdravotn\u00fdch \u0165a\u017ekost\u00ed aj v plne obsadenej chate.<\/p>\n<p style=\"text-align: justify;\"><strong>&nbsp;&nbsp; <\/strong><strong>Z\u00e1kon o HZS \u010d. 544\/2002 v&nbsp;znen\u00ed neskor\u0161\u00edch predpisov <\/strong><\/p>\n<p style=\"text-align: justify;\">\n<\/p><p style=\"text-align: justify;\"><strong>18)<\/strong> N\u00e1v\u0161tevn\u00edk m\u00e1 pr\u00e1vo na poskytnutie inform\u00e1cie o aktu\u00e1lnom stave po\u010dasia, predpovedi po\u010dasia, o v\u00fdvoji po\u010dasia a o aktu\u00e1lnom lav\u00ednovom ohrozen\u00ed. Chat\u00e1r je povinn\u00fd zriadi\u0165 na v\u0161eobecne pr\u00edstupnom a&nbsp;vidite\u013enom mieste v\u00fdvesn\u00fa tabu\u013eu, na ktorej uverej\u0148uje pokyny horskej slu\u017eby a in\u00e9 \u00fadaje t\u00fdkaj\u00face sa bezpe\u010dnosti os\u00f4b v horskej oblasti.<\/p>\n<p style=\"text-align: justify;\"><strong>&nbsp;&nbsp;&nbsp;&nbsp; <\/strong><strong>Z\u00e1kon o HZS \u010d. 544\/2002 v&nbsp;znen\u00ed neskor\u0161\u00edch predpisov<\/strong><\/p>\n<p style=\"text-align: justify;\">\n<\/p><p style=\"text-align: justify;\"><strong>19)<\/strong> Person\u00e1l na chate je povinn\u00fd poskytn\u00fa\u0165 prv\u00fa pomoc v pr\u00edpade ohrozenia \u017eivota alebo zdravia a zabezpe\u010di\u0165 odborn\u00fa lek\u00e1rsku pomoc.<\/p>\n<p style=\"text-align: justify;\"><strong>&nbsp;&nbsp;&nbsp;&nbsp; <\/strong><strong>Z\u00e1kon o HZS \u010d. 544\/2002 v&nbsp;znen\u00ed neskor\u0161\u00edch predpisov<\/strong><\/p>\n<p style=\"text-align: justify;\">\n<\/p><p style=\"text-align: justify;\"><strong>20)<\/strong> Ka\u017ed\u00e9mu ubytovan\u00e9mu n\u00e1v\u0161tevn\u00edkovi na chate odpor\u00fa\u010dame zap\u00edsa\u0165 sa do knihy t\u00far, kde uvedie predpokladan\u00fd cie\u013e svojej t\u00fary. Je to z d\u00f4vodu u\u013eah\u010denia p\u00e1trania alebo z\u00e1chrannej akcie v pr\u00edpade, \u017ee by pri t\u00fare do\u0161lo k nehode alebo k zabl\u00fadeniu.<\/p>\n<p style=\"text-align: justify;\">\n<\/p><p style=\"text-align: justify;\">\n<\/p><p style=\"text-align: justify;\">\n<\/p><p style=\"text-align: justify;\">&nbsp;&nbsp;&nbsp;&nbsp;&nbsp;&nbsp;&nbsp;&nbsp;&nbsp;&nbsp;&nbsp; Tento n\u00e1v\u0161tevn\u00fd a&nbsp;ubytovac\u00ed poriadok mus\u00ed by\u0165 na chate zverejnen\u00fd na dobre vidite\u013enom mieste.<\/p>\n<p style=\"text-align: justify;\">\n<\/p><p style=\"text-align: justify;\">Schv\u00e1len\u00e9 v&nbsp;Bratislave d\u0148a 6. decembra 2011.<\/p>\n<p style=\"text-align: justify;\">\n<\/p><p>&nbsp;&nbsp;&nbsp;&nbsp;&nbsp;&nbsp;&nbsp;&nbsp; predseda KST &#8211; Peter Perhala&nbsp;&nbsp;&nbsp;&nbsp;&nbsp;&nbsp;&nbsp;&nbsp; &nbsp;&nbsp;&nbsp; &nbsp;&nbsp;&nbsp; predseda SHS JAMES &#8211; Igor Koller<\/p>\n\n\n<p><\/p>","protected":false},"excerpt":{"rendered":"<p>N\u00e1v\u0161tevn\u00fd a&nbsp;ubytovac\u00ed poriadok na vysokohorsk\u00fdch chat\u00e1ch vo vlastn\u00edctve &nbsp; Klubu slovensk\u00fdch turistov (KST) a&nbsp; Slovensk\u00e9ho horolezeck\u00e9ho spolku JAMES (SHS JAMES) &nbsp; N\u00e1v\u0161tevn\u00fd a&nbsp;ubytovac\u00ed poriadok na vysokohorsk\u00fdch chat\u00e1ch vo vlastn\u00edctve KST a&nbsp;SHS JAMES (Chata pri Zelenom plese, T\u00e9ryho chata, Zbojn\u00edcka chata a&nbsp;Chata pod Rysmi) plat\u00ed pre v\u0161etk\u00fdch n\u00e1v\u0161tevn\u00edkov ktorejko\u013evek z t\u00fdchto ch\u00e1t a s\u00fa\u010dasne ur\u010duje ich [&hellip;]<\/p>","protected":false},"author":1,"featured_media":0,"parent":0,"menu_order":0,"comment_status":"closed","ping_status":"closed","template":"","meta":{"footnotes":""},"class_list":["post-33","page","type-page","status-publish","hentry"],"aioseo_notices":[],"_links":{"self":[{"href":"http:\/\/chataprizelenomplese.sk\/en\/wp-json\/wp\/v2\/pages\/33","targetHints":{"allow":["GET"]}}],"collection":[{"href":"http:\/\/chataprizelenomplese.sk\/en\/wp-json\/wp\/v2\/pages"}],"about":[{"href":"http:\/\/chataprizelenomplese.sk\/en\/wp-json\/wp\/v2\/types\/page"}],"author":[{"embeddable":true,"href":"http:\/\/chataprizelenomplese.sk\/en\/wp-json\/wp\/v2\/users\/1"}],"replies":[{"embeddable":true,"href":"http:\/\/chataprizelenomplese.sk\/en\/wp-json\/wp\/v2\/comments?post=33"}],"version-history":[{"count":1,"href":"http:\/\/chataprizelenomplese.sk\/en\/wp-json\/wp\/v2\/pages\/33\/revisions"}],"predecessor-version":[{"id":6978,"href":"http:\/\/chataprizelenomplese.sk\/en\/wp-json\/wp\/v2\/pages\/33\/revisions\/6978"}],"wp:attachment":[{"href":"http:\/\/chataprizelenomplese.sk\/en\/wp-json\/wp\/v2\/media?parent=33"}],"curies":[{"name":"wp","href":"https:\/\/api.w.org\/{rel}","templated":true}]}}