{"id":6,"date":"2014-06-20T14:11:00","date_gmt":"2014-06-20T14:11:00","guid":{"rendered":"http:\/\/chataprizelenomplese.sk\/wp\/?page_id=2"},"modified":"2024-07-05T09:33:31","modified_gmt":"2024-07-05T07:33:31","slug":"o-nas","status":"publish","type":"page","link":"http:\/\/chataprizelenomplese.sk\/en\/o-nas\/","title":{"rendered":"The Cottage at Zelen\u00e9 pleso"},"content":{"rendered":"<div data-elementor-type=\"wp-page\" data-elementor-id=\"6\" class=\"elementor elementor-6\" data-elementor-settings=\"[]\">\n\t\t\t\t\t\t\t<div class=\"elementor-section-wrap\">\n\t\t\t\t\t\t\t<section class=\"elementor-section elementor-top-section elementor-element elementor-element-531a5cc4 elementor-section-boxed elementor-section-height-default elementor-section-height-default\" data-id=\"531a5cc4\" data-element_type=\"section\">\n\t\t\t\t\t\t<div class=\"elementor-container elementor-column-gap-default\">\n\t\t\t\t\t<div class=\"elementor-column elementor-col-100 elementor-top-column elementor-element elementor-element-12fb9d5e\" data-id=\"12fb9d5e\" data-element_type=\"column\">\n\t\t\t<div class=\"elementor-widget-wrap elementor-element-populated\">\n\t\t\t\t\t\t\t\t<div class=\"elementor-element elementor-element-0515d9d elementor-widget elementor-widget-text-editor\" data-id=\"0515d9d\" data-element_type=\"widget\" data-no-translation=\"\" data-widget_type=\"text-editor.default\">\n\t\t\t\t<div class=\"elementor-widget-container\">\n\t\t\t<style>.elementor-element-0515d9d{display:none !important}<\/style>\t\t<\/div>\n\t\t\t\t<\/div>\n\t\t\t\t<div class=\"elementor-element elementor-element-3611e26 elementor-widget elementor-widget-text-editor\" data-id=\"3611e26\" data-element_type=\"widget\" data-no-translation=\"\" data-widget_type=\"text-editor.default\">\n\t\t\t\t<div class=\"elementor-widget-container\">\n\t\t\t\t\t<div class=\"elementor-text-editor elementor-clearfix\"><p style=\"text-align: justify;\"><strong>The Cottage at Zelen\u00e9 pleso<\/strong>\u00a0is open all year round. It offers a rich selection of food and drinks. Accommodation is a tourist category \u2013 alpine cottage for 56 people in multi-bed rooms with complete equipment of rooms with beds and bed sheets. The bed sheets are automatically included in the price. It is not possible to sleep in the room in your own sleeping bag. Rooms in the cottage are multi-bed and you can be accommodated with other tourists, too. Accommodation must be booked in advance by email. It is not possible to make a reservation by phone. Accommodation for the entire stay is paid in advance, upon your arrival at the cottage. Discounts for the accommodation are available for the members of JAMES or KST only. These discounts are not provided for the accommodation in an emergency sleeping facility (sleeping in your own sleeping bag in the loft or in a farm building). Upon arrival, you will have to fill out the accommodation form, pay the amount for your accommodation (cash only) and then you will be provided with the room key. Breakfast is available all year round from 6:30am to 8:00am. Dinner is served at 7:00pm.<\/p><p style=\"text-align: justify;\">Historically, the first building in the valley intended to be used by tourists was Egid\u2019s cottage, standing on a \u201cRak\u00faska po\u013eana\u201d, since 1876, named after the UKS chairman for Ve\u013ek\u00e1 Lomnica, Egid Berzeviczy, the initiator of the building. This cottage was transferred to the northern bank of the Zelen\u00e9 pleso in 1880, however, already in 1882 the lone cottage was permanently damaged by the storm. After its transfer to the south bank in 1887, the cottage has stood for three years, when in 1890 was destroyed twice by fire. The need of restoration of the tourist building in this locality happened in 1895 until a new-built construction and in 1897 the cottage standing again on the north bank of the lake was rebuilt and used by visitors from 4.7.1897. It was officially opened in August 27th, 1897. The cottage was named after Archduke Friedrich Habsburg \u2013 Friedrich\u2019s cottage. After the fall of the monarchy, it was called the Cottage at Zelen\u00e9 pleso until 1950, when it was renamed into Brn\u010dal\u2019s Cottage until 1992, when its name was changed again to the Cottage at Zelen\u00e9 pleso. The Zelen\u00e9 pleso is one of the most beautiful tarns\/lakes in the Hight Tatras.<\/p><\/div>\n\t\t\t\t<\/div>\n\t\t\t\t<\/div>\n\t\t\t\t<div class=\"elementor-element elementor-element-19d574a elementor-widget elementor-widget-text-editor\" data-id=\"19d574a\" data-element_type=\"widget\" data-no-translation=\"\" data-widget_type=\"text-editor.default\">\n\t\t\t\t<div class=\"elementor-widget-container\">\n\t\t\t<style>.elementor-element-19d574a{display:none !important}<\/style>\t\t<\/div>\n\t\t\t\t<\/div>\n\t\t\t\t<div class=\"elementor-element elementor-element-5835a184 elementor-widget elementor-widget-text-editor\" data-id=\"5835a184\" data-element_type=\"widget\" data-widget_type=\"text-editor.default\">\n\t\t\t\t<div class=\"elementor-widget-container\">\n\t\t\t\t\t<div class=\"elementor-text-editor elementor-clearfix\"><img loading=\"lazy\" decoding=\"async\" src=\"http:\/\/chataprizelenomplese.sk\/wp-content\/uploads\/2014\/06\/podpis_zelene_pleso.gif\" alt=\"\" width=\"423\" height=\"66\" align=\"right\" hspace=\"3\" vspace=\"3\" \/><\/div>\n\t\t\t\t<\/div>\n\t\t\t\t<\/div>\n\t\t\t\t\t<\/div>\n\t\t<\/div>\n\t\t\t\t\t\t\t<\/div>\n\t\t<\/section>\n\t\t\t\t\t\t<\/div>\n\t\t\t\t\t<\/div>","protected":false},"excerpt":{"rendered":"<p>The Cottage at Zelen\u00e9 pleso\u00a0is open all year round. It offers a rich selection of food and drinks. Accommodation is a tourist category \u2013 alpine cottage for 56 people in multi-bed rooms with complete equipment of rooms with beds and bed sheets. The bed sheets are automatically included in the price. It is not possible [&hellip;]<\/p>","protected":false},"author":1,"featured_media":0,"parent":0,"menu_order":0,"comment_status":"closed","ping_status":"open","template":"","meta":{"footnotes":""},"class_list":["post-6","page","type-page","status-publish","hentry"],"aioseo_notices":[],"_links":{"self":[{"href":"http:\/\/chataprizelenomplese.sk\/en\/wp-json\/wp\/v2\/pages\/6","targetHints":{"allow":["GET"]}}],"collection":[{"href":"http:\/\/chataprizelenomplese.sk\/en\/wp-json\/wp\/v2\/pages"}],"about":[{"href":"http:\/\/chataprizelenomplese.sk\/en\/wp-json\/wp\/v2\/types\/page"}],"author":[{"embeddable":true,"href":"http:\/\/chataprizelenomplese.sk\/en\/wp-json\/wp\/v2\/users\/1"}],"replies":[{"embeddable":true,"href":"http:\/\/chataprizelenomplese.sk\/en\/wp-json\/wp\/v2\/comments?post=6"}],"version-history":[{"count":12,"href":"http:\/\/chataprizelenomplese.sk\/en\/wp-json\/wp\/v2\/pages\/6\/revisions"}],"predecessor-version":[{"id":7818,"href":"http:\/\/chataprizelenomplese.sk\/en\/wp-json\/wp\/v2\/pages\/6\/revisions\/7818"}],"wp:attachment":[{"href":"http:\/\/chataprizelenomplese.sk\/en\/wp-json\/wp\/v2\/media?parent=6"}],"curies":[{"name":"wp","href":"https:\/\/api.w.org\/{rel}","templated":true}]}}