{"id":360,"date":"2017-10-02T14:31:26","date_gmt":"2017-10-02T12:31:26","guid":{"rendered":"http:\/\/chataprizelenomplese.sk\/wp\/?page_id=360"},"modified":"2021-04-11T14:10:23","modified_gmt":"2021-04-11T12:10:23","slug":"sedlo-pod-svistovkou","status":"publish","type":"page","link":"https:\/\/chataprizelenomplese.sk\/de\/sedlo-pod-svistovkou\/","title":{"rendered":"Sedlo pod Svi\u0161\u0165ovkou"},"content":{"rendered":"<div id=\"envira-gallery-wrap-573\" class=\"envira-gallery-wrap envira-gallery-theme-base envira-lightbox-theme-base\" itemscope itemtype=\"https:\/\/schema.org\/ImageGallery\"><div data-row-height=\"\" data-gallery-theme=\"\" id=\"envira-gallery-573\" class=\"envira-gallery-public  envira-gallery-3-columns envira-clear enviratope envira-gallery-css-animations\" data-envira-columns=\"3\"><div id=\"envira-gallery-item-572\" class=\"envira-gallery-item enviratope-item envira-gallery-item-1\" style=\"padding-left: 5px; padding-bottom: 10px; padding-right: 5px;\"  itemscope itemtype=\"https:\/\/schema.org\/ImageObject\"><div class=\"envira-gallery-item-inner\"><div class=\"envira-gallery-position-overlay  envira-gallery-top-left\"><\/div><div class=\"envira-gallery-position-overlay  envira-gallery-top-right\"><\/div><div class=\"envira-gallery-position-overlay  envira-gallery-bottom-left\"><\/div><div class=\"envira-gallery-position-overlay  envira-gallery-bottom-right\"><\/div><a href=\"http:\/\/chataprizelenomplese.sk\/wp-content\/uploads\/2015\/09\/sedlo_4.jpg\" class=\"envira-gallery-573 envira-gallery-link\" rel=\"enviragallery573\" title=\"sedlo_4\" data-envira-caption=\"sedlo_4\" data-envira-retina=\"\" data-thumbnail=\"\"  itemprop=\"contentUrl\"><div class=\"envira-lazy\" data-test-width=\"960\" data-test-height=\"300\" style=\"padding-bottom:31.25%;\"><img decoding=\"async\" id=\"envira-gallery-image-572\" class=\"envira-gallery-image envira-gallery-image-1\" data-envira-index=\"1\" src=\"https:\/\/chataprizelenomplese.sk\/wp-content\/uploads\/2015\/09\/sedlo_4-1024x577.jpg\" data-envira-src=\"https:\/\/chataprizelenomplese.sk\/wp-content\/uploads\/2015\/09\/sedlo_4-1024x577.jpg\" data-envira-gallery-id=\"573\" data-envira-item-id=\"572\" data-envira-caption=\"sedlo_4\" alt=\"\" title=\"sedlo_4\"  itemprop=\"thumbnailUrl\" data-envira-srcset=\"https:\/\/chataprizelenomplese.sk\/wp-content\/uploads\/2015\/09\/sedlo_4-1024x577.jpg 400w,https:\/\/chataprizelenomplese.sk\/wp-content\/uploads\/2015\/09\/sedlo_4-1024x577.jpg 2x\" srcset=\"data:image\/gif;base64,R0lGODlhAQABAIAAAP\/\/\/\/\/\/\/yH5BAEKAAEALAAAAAABAAEAAAICTAEAOw==\" \/><\/div><\/a><\/div><\/div><div id=\"envira-gallery-item-571\" class=\"envira-gallery-item enviratope-item envira-gallery-item-2\" style=\"padding-left: 5px; padding-bottom: 10px; padding-right: 5px;\"  itemscope itemtype=\"https:\/\/schema.org\/ImageObject\"><div class=\"envira-gallery-item-inner\"><div class=\"envira-gallery-position-overlay  envira-gallery-top-left\"><\/div><div class=\"envira-gallery-position-overlay  envira-gallery-top-right\"><\/div><div class=\"envira-gallery-position-overlay  envira-gallery-bottom-left\"><\/div><div class=\"envira-gallery-position-overlay  envira-gallery-bottom-right\"><\/div><a href=\"http:\/\/chataprizelenomplese.sk\/wp-content\/uploads\/2015\/09\/sedlo_3.jpg\" class=\"envira-gallery-573 envira-gallery-link\" rel=\"enviragallery573\" title=\"sedlo_3\" data-envira-caption=\"sedlo_3\" data-envira-retina=\"\" data-thumbnail=\"\"  itemprop=\"contentUrl\"><div class=\"envira-lazy\" data-test-width=\"960\" data-test-height=\"300\" style=\"padding-bottom:31.25%;\"><img decoding=\"async\" id=\"envira-gallery-image-571\" class=\"envira-gallery-image envira-gallery-image-2\" data-envira-index=\"2\" src=\"https:\/\/chataprizelenomplese.sk\/wp-content\/uploads\/2015\/09\/sedlo_3-1024x577.jpg\" data-envira-src=\"https:\/\/chataprizelenomplese.sk\/wp-content\/uploads\/2015\/09\/sedlo_3-1024x577.jpg\" data-envira-gallery-id=\"573\" data-envira-item-id=\"571\" data-envira-caption=\"sedlo_3\" alt=\"\" title=\"sedlo_3\"  itemprop=\"thumbnailUrl\" data-envira-srcset=\"https:\/\/chataprizelenomplese.sk\/wp-content\/uploads\/2015\/09\/sedlo_3-1024x577.jpg 400w,https:\/\/chataprizelenomplese.sk\/wp-content\/uploads\/2015\/09\/sedlo_3-1024x577.jpg 2x\" srcset=\"data:image\/gif;base64,R0lGODlhAQABAIAAAP\/\/\/\/\/\/\/yH5BAEKAAEALAAAAAABAAEAAAICTAEAOw==\" \/><\/div><\/a><\/div><\/div><div id=\"envira-gallery-item-570\" class=\"envira-gallery-item enviratope-item envira-gallery-item-3\" style=\"padding-left: 5px; padding-bottom: 10px; padding-right: 5px;\"  itemscope itemtype=\"https:\/\/schema.org\/ImageObject\"><div class=\"envira-gallery-item-inner\"><div class=\"envira-gallery-position-overlay  envira-gallery-top-left\"><\/div><div class=\"envira-gallery-position-overlay  envira-gallery-top-right\"><\/div><div class=\"envira-gallery-position-overlay  envira-gallery-bottom-left\"><\/div><div class=\"envira-gallery-position-overlay  envira-gallery-bottom-right\"><\/div><a href=\"http:\/\/chataprizelenomplese.sk\/wp-content\/uploads\/2015\/09\/sedlo_2.jpg\" class=\"envira-gallery-573 envira-gallery-link\" rel=\"enviragallery573\" title=\"sedlo_2\" data-envira-caption=\"sedlo_2\" data-envira-retina=\"\" data-thumbnail=\"\"  itemprop=\"contentUrl\"><div class=\"envira-lazy\" data-test-width=\"960\" data-test-height=\"300\" style=\"padding-bottom:31.25%;\"><img decoding=\"async\" id=\"envira-gallery-image-570\" class=\"envira-gallery-image envira-gallery-image-3\" data-envira-index=\"3\" src=\"https:\/\/chataprizelenomplese.sk\/wp-content\/uploads\/2015\/09\/sedlo_2-1024x577.jpg\" data-envira-src=\"https:\/\/chataprizelenomplese.sk\/wp-content\/uploads\/2015\/09\/sedlo_2-1024x577.jpg\" data-envira-gallery-id=\"573\" data-envira-item-id=\"570\" data-envira-caption=\"sedlo_2\" alt=\"\" title=\"sedlo_2\"  itemprop=\"thumbnailUrl\" data-envira-srcset=\"https:\/\/chataprizelenomplese.sk\/wp-content\/uploads\/2015\/09\/sedlo_2-1024x577.jpg 400w,https:\/\/chataprizelenomplese.sk\/wp-content\/uploads\/2015\/09\/sedlo_2-1024x577.jpg 2x\" srcset=\"data:image\/gif;base64,R0lGODlhAQABAIAAAP\/\/\/\/\/\/\/yH5BAEKAAEALAAAAAABAAEAAAICTAEAOw==\" \/><\/div><\/a><\/div><\/div><div id=\"envira-gallery-item-569\" class=\"envira-gallery-item enviratope-item envira-gallery-item-4\" style=\"padding-left: 5px; padding-bottom: 10px; padding-right: 5px;\"  itemscope itemtype=\"https:\/\/schema.org\/ImageObject\"><div class=\"envira-gallery-item-inner\"><div class=\"envira-gallery-position-overlay  envira-gallery-top-left\"><\/div><div class=\"envira-gallery-position-overlay  envira-gallery-top-right\"><\/div><div class=\"envira-gallery-position-overlay  envira-gallery-bottom-left\"><\/div><div class=\"envira-gallery-position-overlay  envira-gallery-bottom-right\"><\/div><a href=\"http:\/\/chataprizelenomplese.sk\/wp-content\/uploads\/2015\/09\/sedlo_1.jpg\" class=\"envira-gallery-573 envira-gallery-link\" rel=\"enviragallery573\" title=\"sedlo_1\" data-envira-caption=\"sedlo_1\" data-envira-retina=\"\" data-thumbnail=\"\"  itemprop=\"contentUrl\"><div class=\"envira-lazy\" data-test-width=\"960\" data-test-height=\"300\" style=\"padding-bottom:31.25%;\"><img decoding=\"async\" id=\"envira-gallery-image-569\" class=\"envira-gallery-image envira-gallery-image-4\" data-envira-index=\"4\" src=\"https:\/\/chataprizelenomplese.sk\/wp-content\/uploads\/2015\/09\/sedlo_1-1024x577.jpg\" data-envira-src=\"https:\/\/chataprizelenomplese.sk\/wp-content\/uploads\/2015\/09\/sedlo_1-1024x577.jpg\" data-envira-gallery-id=\"573\" data-envira-item-id=\"569\" data-envira-caption=\"sedlo_1\" alt=\"\" title=\"sedlo_1\"  itemprop=\"thumbnailUrl\" data-envira-srcset=\"https:\/\/chataprizelenomplese.sk\/wp-content\/uploads\/2015\/09\/sedlo_1-1024x577.jpg 400w,https:\/\/chataprizelenomplese.sk\/wp-content\/uploads\/2015\/09\/sedlo_1-1024x577.jpg 2x\" srcset=\"data:image\/gif;base64,R0lGODlhAQABAIAAAP\/\/\/\/\/\/\/yH5BAEKAAEALAAAAAABAAEAAAICTAEAOw==\" \/><\/div><\/a><\/div><\/div><\/div><\/div><noscript><img decoding=\"async\" src=\"https:\/\/chataprizelenomplese.sk\/wp-content\/uploads\/2015\/09\/sedlo_4.jpg\" alt=\"\" \/><img decoding=\"async\" src=\"https:\/\/chataprizelenomplese.sk\/wp-content\/uploads\/2015\/09\/sedlo_3.jpg\" alt=\"\" \/><img decoding=\"async\" src=\"https:\/\/chataprizelenomplese.sk\/wp-content\/uploads\/2015\/09\/sedlo_2.jpg\" alt=\"\" \/><img decoding=\"async\" src=\"https:\/\/chataprizelenomplese.sk\/wp-content\/uploads\/2015\/09\/sedlo_1.jpg\" alt=\"\" \/><\/noscript>\n<p style=\"text-align: justify;\">Jedna z ob\u013e\u00faben\u00fdch pr\u00edstupov\u00fdch tr\u00e1s na chatu pri Zelenom plese vedie zo Skalnat\u00e9ho plesa cez<strong> sedlo pod Svi\u0161\u0165ovkou 1826 m.n.m. <\/strong>Trvanie v\u00fdstupu po \u010dervenozna\u010denom chodn\u00edku je pribli\u017ene 2 hodiny 45 min\u00fat. <strong><br \/>\n<\/strong><\/p>\n<p style=\"text-align: justify;\"><strong>Ve\u013ek\u00e1 Svi\u0161\u0165ovka 2037 m.n.m.<\/strong> je tr\u00e1vnato-sutinov\u00e1 kopa k\u00fasok nad turistick\u00fdm chodn\u00edkom cez<strong> sedlo pod Svi\u0161\u0165ovkou 2023 m.n.m.<\/strong> vybudovan\u00fdm u\u017e v&nbsp;roku 1930. Kto bol prv\u00fdm na jej vrchole nie je zn\u00e1me, ale prv\u00fd zn\u00e1my, kto v&nbsp;jej mas\u00edve zanechal svoje odtla\u010dky bol evanjelick\u00fd far\u00e1r \u0160imon Bil\u00edk (1613 \u2013 1680) z&nbsp;Huncoviec, ktor\u00fd bol v&nbsp;\u010dase protireform\u00e1cie zbaven\u00fd majetkov a&nbsp;vyhnan\u00fd z&nbsp;obce. Tento sa p\u00e4\u0165 rokov 1672 -1677 ukr\u00fdval v&nbsp;doline Zelen\u00e9ho plesa a&nbsp;v&nbsp;mas\u00edve Ve\u013ekej a&nbsp;Malej Svi\u0161\u0165ovky h\u013abil \u0161t\u00f4lne, \u00fadajne h\u013eadaj\u00fac zlato, potajme z\u00e1sobovan\u00fd svoj\u00edm synom. Pri s\u00fa\u010dasnom chodn\u00edku sa nach\u00e1dzaj\u00fa tri zachoval\u00e9 \u0161t\u00f4lne, ktor\u00e9 u\u017e len slabo rozozna\u0165. Najhlb\u0161ia, ktor\u00fa vyh\u013abil vraj merala 11m.<\/p>\n<p><iframe loading=\"lazy\" src=\"https:\/\/mapsengine.google.com\/map\/embed?mid=zmoPKE98zdYA.ko_PjE1nKI0k\" width=\"640\" height=\"480\"><\/iframe><\/p>","protected":false},"excerpt":{"rendered":"<p>Jedna z ob\u013e\u00faben\u00fdch pr\u00edstupov\u00fdch tr\u00e1s na chatu pri Zelenom plese vedie zo Skalnat\u00e9ho plesa cez sedlo pod Svi\u0161\u0165ovkou 1826 m.n.m. Trvanie v\u00fdstupu po \u010dervenozna\u010denom chodn\u00edku je pribli\u017ene 2 hodiny 45 min\u00fat. Ve\u013ek\u00e1 Svi\u0161\u0165ovka 2037 m.n.m. je tr\u00e1vnato-sutinov\u00e1 kopa k\u00fasok nad turistick\u00fdm chodn\u00edkom cez sedlo pod Svi\u0161\u0165ovkou 2023 m.n.m. vybudovan\u00fdm u\u017e v&nbsp;roku 1930. Kto bol prv\u00fdm [&hellip;]<\/p>","protected":false},"author":1,"featured_media":0,"parent":0,"menu_order":0,"comment_status":"closed","ping_status":"closed","template":"","meta":{"footnotes":""},"class_list":["post-360","page","type-page","status-publish","hentry"],"aioseo_notices":[],"_links":{"self":[{"href":"https:\/\/chataprizelenomplese.sk\/de\/wp-json\/wp\/v2\/pages\/360","targetHints":{"allow":["GET"]}}],"collection":[{"href":"https:\/\/chataprizelenomplese.sk\/de\/wp-json\/wp\/v2\/pages"}],"about":[{"href":"https:\/\/chataprizelenomplese.sk\/de\/wp-json\/wp\/v2\/types\/page"}],"author":[{"embeddable":true,"href":"https:\/\/chataprizelenomplese.sk\/de\/wp-json\/wp\/v2\/users\/1"}],"replies":[{"embeddable":true,"href":"https:\/\/chataprizelenomplese.sk\/de\/wp-json\/wp\/v2\/comments?post=360"}],"version-history":[{"count":1,"href":"https:\/\/chataprizelenomplese.sk\/de\/wp-json\/wp\/v2\/pages\/360\/revisions"}],"predecessor-version":[{"id":7009,"href":"https:\/\/chataprizelenomplese.sk\/de\/wp-json\/wp\/v2\/pages\/360\/revisions\/7009"}],"wp:attachment":[{"href":"https:\/\/chataprizelenomplese.sk\/de\/wp-json\/wp\/v2\/media?parent=360"}],"curies":[{"name":"wp","href":"https:\/\/api.w.org\/{rel}","templated":true}]}}