{"id":375,"date":"2016-12-02T15:02:51","date_gmt":"2016-12-02T14:02:51","guid":{"rendered":"http:\/\/chataprizelenomplese.sk\/wp\/?page_id=375"},"modified":"2021-05-23T17:24:26","modified_gmt":"2021-05-23T15:24:26","slug":"tatranska-lomnica","status":"publish","type":"page","link":"https:\/\/chataprizelenomplese.sk\/de\/tatranska-lomnica\/","title":{"rendered":"Tatransk\u00e1 Lomnica"},"content":{"rendered":"<div id=\"envira-gallery-wrap-560\" class=\"envira-gallery-wrap envira-gallery-theme-base envira-lightbox-theme-base\" itemscope itemtype=\"https:\/\/schema.org\/ImageGallery\"><div data-row-height=\"\" data-gallery-theme=\"\" id=\"envira-gallery-560\" class=\"envira-gallery-public  envira-gallery-3-columns envira-clear enviratope envira-gallery-css-animations\" data-envira-columns=\"3\"><div id=\"envira-gallery-item-559\" class=\"envira-gallery-item enviratope-item envira-gallery-item-1\" style=\"padding-left: 5px; padding-bottom: 10px; padding-right: 5px;\"  itemscope itemtype=\"https:\/\/schema.org\/ImageObject\"><div class=\"envira-gallery-item-inner\"><div class=\"envira-gallery-position-overlay  envira-gallery-top-left\"><\/div><div class=\"envira-gallery-position-overlay  envira-gallery-top-right\"><\/div><div class=\"envira-gallery-position-overlay  envira-gallery-bottom-left\"><\/div><div class=\"envira-gallery-position-overlay  envira-gallery-bottom-right\"><\/div><a href=\"http:\/\/chataprizelenomplese.sk\/wp-content\/uploads\/2015\/09\/tl_3.jpg\" class=\"envira-gallery-560 envira-gallery-link\" rel=\"enviragallery560\" title=\"tl_3\" data-envira-caption=\"tl_3\" data-envira-retina=\"\" data-thumbnail=\"\"  itemprop=\"contentUrl\"><div class=\"envira-lazy\" data-test-width=\"960\" data-test-height=\"300\" style=\"padding-bottom:31.25%;\"><img decoding=\"async\" id=\"envira-gallery-image-559\" class=\"envira-gallery-image envira-gallery-image-1\" data-envira-index=\"1\" src=\"https:\/\/chataprizelenomplese.sk\/wp-content\/uploads\/2015\/09\/tl_3-1024x577.jpg\" data-envira-src=\"https:\/\/chataprizelenomplese.sk\/wp-content\/uploads\/2015\/09\/tl_3-1024x577.jpg\" data-envira-gallery-id=\"560\" data-envira-item-id=\"559\" data-envira-caption=\"tl_3\" alt=\"\" title=\"tl_3\"  itemprop=\"thumbnailUrl\" data-envira-srcset=\"https:\/\/chataprizelenomplese.sk\/wp-content\/uploads\/2015\/09\/tl_3-1024x577.jpg 400w,https:\/\/chataprizelenomplese.sk\/wp-content\/uploads\/2015\/09\/tl_3-1024x577.jpg 2x\" srcset=\"data:image\/gif;base64,R0lGODlhAQABAIAAAP\/\/\/\/\/\/\/yH5BAEKAAEALAAAAAABAAEAAAICTAEAOw==\" \/><\/div><\/a><\/div><\/div><div id=\"envira-gallery-item-558\" class=\"envira-gallery-item enviratope-item envira-gallery-item-2\" style=\"padding-left: 5px; padding-bottom: 10px; padding-right: 5px;\"  itemscope itemtype=\"https:\/\/schema.org\/ImageObject\"><div class=\"envira-gallery-item-inner\"><div class=\"envira-gallery-position-overlay  envira-gallery-top-left\"><\/div><div class=\"envira-gallery-position-overlay  envira-gallery-top-right\"><\/div><div class=\"envira-gallery-position-overlay  envira-gallery-bottom-left\"><\/div><div class=\"envira-gallery-position-overlay  envira-gallery-bottom-right\"><\/div><a href=\"http:\/\/chataprizelenomplese.sk\/wp-content\/uploads\/2015\/09\/tl_2.jpg\" class=\"envira-gallery-560 envira-gallery-link\" rel=\"enviragallery560\" title=\"tl_2\" data-envira-caption=\"tl_2\" data-envira-retina=\"\" data-thumbnail=\"\"  itemprop=\"contentUrl\"><div class=\"envira-lazy\" data-test-width=\"960\" data-test-height=\"300\" style=\"padding-bottom:31.25%;\"><img decoding=\"async\" id=\"envira-gallery-image-558\" class=\"envira-gallery-image envira-gallery-image-2\" data-envira-index=\"2\" src=\"https:\/\/chataprizelenomplese.sk\/wp-content\/uploads\/2015\/09\/tl_2-1024x577.jpg\" data-envira-src=\"https:\/\/chataprizelenomplese.sk\/wp-content\/uploads\/2015\/09\/tl_2-1024x577.jpg\" data-envira-gallery-id=\"560\" data-envira-item-id=\"558\" data-envira-caption=\"tl_2\" alt=\"\" title=\"tl_2\"  itemprop=\"thumbnailUrl\" data-envira-srcset=\"https:\/\/chataprizelenomplese.sk\/wp-content\/uploads\/2015\/09\/tl_2-1024x577.jpg 400w,https:\/\/chataprizelenomplese.sk\/wp-content\/uploads\/2015\/09\/tl_2-1024x577.jpg 2x\" srcset=\"data:image\/gif;base64,R0lGODlhAQABAIAAAP\/\/\/\/\/\/\/yH5BAEKAAEALAAAAAABAAEAAAICTAEAOw==\" \/><\/div><\/a><\/div><\/div><div id=\"envira-gallery-item-557\" class=\"envira-gallery-item enviratope-item envira-gallery-item-3\" style=\"padding-left: 5px; padding-bottom: 10px; padding-right: 5px;\"  itemscope itemtype=\"https:\/\/schema.org\/ImageObject\"><div class=\"envira-gallery-item-inner\"><div class=\"envira-gallery-position-overlay  envira-gallery-top-left\"><\/div><div class=\"envira-gallery-position-overlay  envira-gallery-top-right\"><\/div><div class=\"envira-gallery-position-overlay  envira-gallery-bottom-left\"><\/div><div class=\"envira-gallery-position-overlay  envira-gallery-bottom-right\"><\/div><a href=\"http:\/\/chataprizelenomplese.sk\/wp-content\/uploads\/2015\/09\/tl_1.jpg\" class=\"envira-gallery-560 envira-gallery-link\" rel=\"enviragallery560\" title=\"tl_1\" data-envira-caption=\"tl_1\" data-envira-retina=\"\" data-thumbnail=\"\"  itemprop=\"contentUrl\"><div class=\"envira-lazy\" data-test-width=\"960\" data-test-height=\"300\" style=\"padding-bottom:31.25%;\"><img decoding=\"async\" id=\"envira-gallery-image-557\" class=\"envira-gallery-image envira-gallery-image-3\" data-envira-index=\"3\" src=\"https:\/\/chataprizelenomplese.sk\/wp-content\/uploads\/2015\/09\/tl_1-1024x577.jpg\" data-envira-src=\"https:\/\/chataprizelenomplese.sk\/wp-content\/uploads\/2015\/09\/tl_1-1024x577.jpg\" data-envira-gallery-id=\"560\" data-envira-item-id=\"557\" data-envira-caption=\"tl_1\" alt=\"\" title=\"tl_1\"  itemprop=\"thumbnailUrl\" data-envira-srcset=\"https:\/\/chataprizelenomplese.sk\/wp-content\/uploads\/2015\/09\/tl_1-1024x577.jpg 400w,https:\/\/chataprizelenomplese.sk\/wp-content\/uploads\/2015\/09\/tl_1-1024x577.jpg 2x\" srcset=\"data:image\/gif;base64,R0lGODlhAQABAIAAAP\/\/\/\/\/\/\/yH5BAEKAAEALAAAAAABAAEAAAICTAEAOw==\" \/><\/div><\/a><\/div><\/div><\/div><\/div><noscript><img decoding=\"async\" src=\"https:\/\/chataprizelenomplese.sk\/wp-content\/uploads\/2015\/09\/tl_3.jpg\" alt=\"\" \/><img decoding=\"async\" src=\"https:\/\/chataprizelenomplese.sk\/wp-content\/uploads\/2015\/09\/tl_2.jpg\" alt=\"\" \/><img decoding=\"async\" src=\"https:\/\/chataprizelenomplese.sk\/wp-content\/uploads\/2015\/09\/tl_1.jpg\" alt=\"\" \/><\/noscript>\n<p><strong>Die gr\u00f6\u00dfte Siedlung der Hohen Tatra liegt am s\u00fcdlichen Bergfu\u00df der Lomnitzer Spitze (2634 m.\u00fc.d.M.)<\/strong>. Die Aussicht vom zweith\u00f6chsten Gipfel ist eine der gr\u00f6\u00dften Attraktionen, aber nicht die einzige.<\/p>\n<p>Tatransk\u00e1 Lomnica ist der Ausgangspunkt f\u00fcr mehrere interessante Wanderungen und Radtouren. Zu den Attraktionen geh\u00f6rt auch die Seilbahn zum Steinbachsee (1751 m.\u00fc.M.), von wo aus man \u00fcber die Tatra Magistrale und die Zamkovsky H\u00fctte zu Hrebienok &#8211; K\u00e4mmchen &#8211;\u00a0 oder \u00fcber Ratzenbergjoch zu der Chata pri Zelnom pleso gelangen kann. In Tatransk\u00e1 Lomnica finden Sie das TANAP-Museum und den botanischen Garten, wo Sie sich selbst von der Sch\u00f6nheit der Tatra-Pflanzen mit eigenen Augen \u00fcberzeugen k\u00f6nnen. F\u00fcr Tennis- und Schwimmliebhaber gibt es in der N\u00e4he auch eine Tennishalle und Hallenb\u00e4der. \u00a0Auch die Zahl der Golfbegeisterten, die den herrlichen Golfplatz Black Stork unterhalb des Eurocamps FICC nutzen, nimmt deutlich zu. Die Achterbahn TATRABOB ist ganzj\u00e4hrig ge\u00f6ffnet und sorgt f\u00fcr gute Erlebnisse nicht nur bei Kindern, sondern auch bei Erwachsenen.<\/p>\n<p><iframe loading=\"lazy\" src=\"https:\/\/mapsengine.google.com\/map\/embed?mid=zmoPKE98zdYA.kl3t40mYsKU4\" width=\"640\" height=\"480\"><\/iframe><\/p>","protected":false},"excerpt":{"rendered":"<p>Die gr\u00f6\u00dfte Siedlung der Hohen Tatra liegt am s\u00fcdlichen Bergfu\u00df der Lomnitzer Spitze (2634 m.\u00fc.d.M.). Die Aussicht vom zweith\u00f6chsten Gipfel ist eine der gr\u00f6\u00dften Attraktionen, aber nicht die einzige. Tatransk\u00e1 Lomnica ist der Ausgangspunkt f\u00fcr mehrere interessante Wanderungen und Radtouren. Zu den Attraktionen geh\u00f6rt auch die Seilbahn zum Steinbachsee (1751 m.\u00fc.M.), von wo aus man [&hellip;]<\/p>","protected":false},"author":1,"featured_media":0,"parent":0,"menu_order":0,"comment_status":"closed","ping_status":"closed","template":"","meta":{"footnotes":""},"class_list":["post-375","page","type-page","status-publish","hentry"],"aioseo_notices":[],"_links":{"self":[{"href":"https:\/\/chataprizelenomplese.sk\/de\/wp-json\/wp\/v2\/pages\/375","targetHints":{"allow":["GET"]}}],"collection":[{"href":"https:\/\/chataprizelenomplese.sk\/de\/wp-json\/wp\/v2\/pages"}],"about":[{"href":"https:\/\/chataprizelenomplese.sk\/de\/wp-json\/wp\/v2\/types\/page"}],"author":[{"embeddable":true,"href":"https:\/\/chataprizelenomplese.sk\/de\/wp-json\/wp\/v2\/users\/1"}],"replies":[{"embeddable":true,"href":"https:\/\/chataprizelenomplese.sk\/de\/wp-json\/wp\/v2\/comments?post=375"}],"version-history":[{"count":3,"href":"https:\/\/chataprizelenomplese.sk\/de\/wp-json\/wp\/v2\/pages\/375\/revisions"}],"predecessor-version":[{"id":7230,"href":"https:\/\/chataprizelenomplese.sk\/de\/wp-json\/wp\/v2\/pages\/375\/revisions\/7230"}],"wp:attachment":[{"href":"https:\/\/chataprizelenomplese.sk\/de\/wp-json\/wp\/v2\/media?parent=375"}],"curies":[{"name":"wp","href":"https:\/\/api.w.org\/{rel}","templated":true}]}}