{"id":6,"date":"2014-06-20T14:11:00","date_gmt":"2014-06-20T14:11:00","guid":{"rendered":"http:\/\/chataprizelenomplese.sk\/wp\/?page_id=2"},"modified":"2024-07-05T09:33:31","modified_gmt":"2024-07-05T07:33:31","slug":"o-nas","status":"publish","type":"page","link":"https:\/\/chataprizelenomplese.sk\/de\/o-nas\/","title":{"rendered":"H\u00fctte beim Gr\u00fcnen See"},"content":{"rendered":"<div data-elementor-type=\"wp-page\" data-elementor-id=\"6\" class=\"elementor elementor-6\" data-elementor-settings=\"[]\">\n\t\t\t\t\t\t\t<div class=\"elementor-section-wrap\">\n\t\t\t\t\t\t\t<section class=\"elementor-section elementor-top-section elementor-element elementor-element-531a5cc4 elementor-section-boxed elementor-section-height-default elementor-section-height-default\" data-id=\"531a5cc4\" data-element_type=\"section\">\n\t\t\t\t\t\t<div class=\"elementor-container elementor-column-gap-default\">\n\t\t\t\t\t<div class=\"elementor-column elementor-col-100 elementor-top-column elementor-element elementor-element-12fb9d5e\" data-id=\"12fb9d5e\" data-element_type=\"column\">\n\t\t\t<div class=\"elementor-widget-wrap elementor-element-populated\">\n\t\t\t\t\t\t\t\t<div class=\"elementor-element elementor-element-0515d9d elementor-widget elementor-widget-text-editor\" data-id=\"0515d9d\" data-element_type=\"widget\" data-no-translation=\"\" data-widget_type=\"text-editor.default\">\n\t\t\t\t<div class=\"elementor-widget-container\">\n\t\t\t<style>.elementor-element-0515d9d{display:none !important}<\/style>\t\t<\/div>\n\t\t\t\t<\/div>\n\t\t\t\t<div class=\"elementor-element elementor-element-3611e26 elementor-widget elementor-widget-text-editor\" data-id=\"3611e26\" data-element_type=\"widget\" data-no-translation=\"\" data-widget_type=\"text-editor.default\">\n\t\t\t\t<div class=\"elementor-widget-container\">\n\t\t\t<style>.elementor-element-3611e26{display:none !important}<\/style>\t\t<\/div>\n\t\t\t\t<\/div>\n\t\t\t\t<div class=\"elementor-element elementor-element-19d574a elementor-widget elementor-widget-text-editor\" data-id=\"19d574a\" data-element_type=\"widget\" data-no-translation=\"\" data-widget_type=\"text-editor.default\">\n\t\t\t\t<div class=\"elementor-widget-container\">\n\t\t\t\t\t<div class=\"elementor-text-editor elementor-clearfix\"><p style=\"text-align: justify;\"><strong>H\u00fctte beim Gr\u00fcnen See<\/strong>ist das ganze Jahr \u00fcber ge\u00f6ffnet. \u00a0Den Besuchern wird eine gro\u00dfe Auswahl an Getr\u00e4nken und Mahlzeiten angeboten.\u00a0 Die Bergh\u00fctte bietet Unterkunft f\u00fcr 56 Personen in Mehrbettzimmern mit kompletter Zimmereinrichtung, mit Betten und Bettw\u00e4sche. Bei \u00dcbernachtung ist die Bettw\u00e4sche automatisch im Preis enthalten. Es ist nicht m\u00f6glich, mit dem eigenen Schlafsack im Zimmer zu schlafen. In Zimmern befinden sich mehrere Betten, daher werden Zimmer meistens zwischen Touristen geteilt.\u00a0 Die Unterkunft muss im Voraus per E-Mail gebucht werden. Es ist nicht m\u00f6glich, eine Reservierung per Telefon vorzunehmen. Die Unterkunft f\u00fcr den gesamten Aufenthalt wird im Voraus bei der Ankunft bezahlt. Erm\u00e4\u00dfigungen werden nur den James- oder Mountain Hikers-Mitgliedern und nur bei \u00dcbernachtung in einem Zimmer gew\u00e4hrleistet. F\u00fcr \u00dcbernachtungen in Notf\u00e4llen, wenn die Betten nicht ausreichend sind, (Schlafen im eigenen Schlafsack) werden diese Rabatte nicht gew\u00e4hrleistet. Nach Ihrer Ankunft f\u00fcllen Sie ein Unterkunftsformular aus, bezahlen Ihren Betrag und erhalten dann den Zimmerschl\u00fcssel. Das Fr\u00fchst\u00fcck wird das ganze Jahr \u00fcber von 6:30 bis 8:00 Uhr serviert. Das Abendessen wird um 19:00 Uhr serviert.\n<\/p>\n<p style=\"text-align: justify;\">\nDas erste Geb\u00e4ude im Tal, das von Touristen besucht wurde, war seit 1876 die Egidova Chata (dt. \u00c4gidius H\u00fctte), die nach dem Vorsitzenden der UCA Egid Barzeviczym, dem Initiator des Baus, benannt wurde.\u00a0 Diese H\u00fctte wurde im Jahre 1880 an das Nordufer des Gr\u00fcnen Sees verlegt, doch 1882 wurde sie von einem Sturm besch\u00e4digt.\u00a0 Nach drei Jahren ohne jegliche Besch\u00e4digungen, wurde die Bergh\u00fctte nach der Verlegung an das S\u00fcdufer im Jahr 1877 durch Br\u00e4nde zerst\u00f6rt.\u00a0 Sie wurde im Jahr 1897 umgebaut, und ab dem 4.7.1897 von Touristen besucht. Seit dem steht sie wieder am Nordufer des Sees.\u00a0 Die Bergh\u00fctte wurde am 27.8.1897 offiziell er\u00f6ffnet. Fr\u00fcher wurde sie nach dem Erzherzog Friedrich von Habsburg benannt &#8211; Friedrich H\u00fctte. Nach dem Sturz der Monarchie wurde sie bis 1950 H\u00fctte beim Gr\u00fcnen See genannt. Sp\u00e4ter erhielt sie den Namen Brn\u010dalova chata, bis sie 1992 wieder in H\u00fctte beim Gr\u00fcnen See umbenannt wurde. Der Gr\u00fcnen See ist einer der sch\u00f6nsten Seen in der Hohen Tatra.<\/p><\/div>\n\t\t\t\t<\/div>\n\t\t\t\t<\/div>\n\t\t\t\t<div class=\"elementor-element elementor-element-5835a184 elementor-widget elementor-widget-text-editor\" data-id=\"5835a184\" data-element_type=\"widget\" data-widget_type=\"text-editor.default\">\n\t\t\t\t<div class=\"elementor-widget-container\">\n\t\t\t\t\t<div class=\"elementor-text-editor elementor-clearfix\"><img loading=\"lazy\" decoding=\"async\" src=\"http:\/\/chataprizelenomplese.sk\/wp-content\/uploads\/2014\/06\/podpis_zelene_pleso.gif\" alt=\"\" width=\"423\" height=\"66\" align=\"right\" hspace=\"3\" vspace=\"3\" \/><\/div>\n\t\t\t\t<\/div>\n\t\t\t\t<\/div>\n\t\t\t\t\t<\/div>\n\t\t<\/div>\n\t\t\t\t\t\t\t<\/div>\n\t\t<\/section>\n\t\t\t\t\t\t<\/div>\n\t\t\t\t\t<\/div>","protected":false},"excerpt":{"rendered":"<p>H\u00fctte beim Gr\u00fcnen Seeist das ganze Jahr \u00fcber ge\u00f6ffnet. \u00a0Den Besuchern wird eine gro\u00dfe Auswahl an Getr\u00e4nken und Mahlzeiten angeboten.\u00a0 Die Bergh\u00fctte bietet Unterkunft f\u00fcr 56 Personen in Mehrbettzimmern mit kompletter Zimmereinrichtung, mit Betten und Bettw\u00e4sche. Bei \u00dcbernachtung ist die Bettw\u00e4sche automatisch im Preis enthalten. Es ist nicht m\u00f6glich, mit dem eigenen Schlafsack im Zimmer [&hellip;]<\/p>","protected":false},"author":1,"featured_media":0,"parent":0,"menu_order":0,"comment_status":"closed","ping_status":"open","template":"","meta":{"footnotes":""},"class_list":["post-6","page","type-page","status-publish","hentry"],"aioseo_notices":[],"_links":{"self":[{"href":"https:\/\/chataprizelenomplese.sk\/de\/wp-json\/wp\/v2\/pages\/6","targetHints":{"allow":["GET"]}}],"collection":[{"href":"https:\/\/chataprizelenomplese.sk\/de\/wp-json\/wp\/v2\/pages"}],"about":[{"href":"https:\/\/chataprizelenomplese.sk\/de\/wp-json\/wp\/v2\/types\/page"}],"author":[{"embeddable":true,"href":"https:\/\/chataprizelenomplese.sk\/de\/wp-json\/wp\/v2\/users\/1"}],"replies":[{"embeddable":true,"href":"https:\/\/chataprizelenomplese.sk\/de\/wp-json\/wp\/v2\/comments?post=6"}],"version-history":[{"count":12,"href":"https:\/\/chataprizelenomplese.sk\/de\/wp-json\/wp\/v2\/pages\/6\/revisions"}],"predecessor-version":[{"id":7818,"href":"https:\/\/chataprizelenomplese.sk\/de\/wp-json\/wp\/v2\/pages\/6\/revisions\/7818"}],"wp:attachment":[{"href":"https:\/\/chataprizelenomplese.sk\/de\/wp-json\/wp\/v2\/media?parent=6"}],"curies":[{"name":"wp","href":"https:\/\/api.w.org\/{rel}","templated":true}]}}