{"id":7,"date":"2017-06-24T12:51:06","date_gmt":"2017-06-24T10:51:06","guid":{"rendered":"http:\/\/chataprizelenomplese.sk\/wp\/?page_id=7"},"modified":"2025-05-04T13:01:52","modified_gmt":"2025-05-04T11:01:52","slug":"zakladne-informacie-o-chate-a-ubytovaci-poriadok","status":"publish","type":"page","link":"https:\/\/chataprizelenomplese.sk\/de\/zakladne-informacie-o-chate-a-ubytovaci-poriadok\/","title":{"rendered":"Grundlegende Informationen \u00fcber die Bergh\u00fctte"},"content":{"rendered":"<div data-elementor-type=\"wp-page\" data-elementor-id=\"7\" class=\"elementor elementor-7\" data-elementor-settings=\"[]\">\n\t\t\t\t\t\t\t<div class=\"elementor-section-wrap\">\n\t\t\t\t\t\t\t<section class=\"elementor-section elementor-top-section elementor-element elementor-element-bd0e958 elementor-section-boxed elementor-section-height-default elementor-section-height-default\" data-id=\"bd0e958\" data-element_type=\"section\">\n\t\t\t\t\t\t<div class=\"elementor-container elementor-column-gap-default\">\n\t\t\t\t\t<div class=\"elementor-column elementor-col-100 elementor-top-column elementor-element elementor-element-43826bf6\" data-id=\"43826bf6\" data-element_type=\"column\">\n\t\t\t<div class=\"elementor-widget-wrap elementor-element-populated\">\n\t\t\t\t\t\t\t\t<div class=\"elementor-element elementor-element-63f70c2b elementor-widget elementor-widget-text-editor\" data-id=\"63f70c2b\" data-element_type=\"widget\" data-no-translation=\"\" data-widget_type=\"text-editor.default\">\n\t\t\t\t<div class=\"elementor-widget-container\">\n\t\t\t<style>.elementor-element-63f70c2b{display:none !important}<\/style>\t\t<\/div>\n\t\t\t\t<\/div>\n\t\t\t\t\t<\/div>\n\t\t<\/div>\n\t\t\t\t\t\t\t<\/div>\n\t\t<\/section>\n\t\t\t\t<section class=\"elementor-section elementor-top-section elementor-element elementor-element-0cd804a elementor-section-boxed elementor-section-height-default elementor-section-height-default\" data-id=\"0cd804a\" data-element_type=\"section\">\n\t\t\t\t\t\t<div class=\"elementor-container elementor-column-gap-default\">\n\t\t\t\t\t<div class=\"elementor-column elementor-col-100 elementor-top-column elementor-element elementor-element-14a5a49\" data-id=\"14a5a49\" data-element_type=\"column\">\n\t\t\t<div class=\"elementor-widget-wrap elementor-element-populated\">\n\t\t\t\t\t\t\t\t<div class=\"elementor-element elementor-element-0e9ea02 elementor-widget elementor-widget-text-editor\" data-id=\"0e9ea02\" data-element_type=\"widget\" data-no-translation=\"\" data-widget_type=\"text-editor.default\">\n\t\t\t\t<div class=\"elementor-widget-container\">\n\t\t\t<style>.elementor-element-0e9ea02{display:none !important}<\/style>\t\t<\/div>\n\t\t\t\t<\/div>\n\t\t\t\t\t<\/div>\n\t\t<\/div>\n\t\t\t\t\t\t\t<\/div>\n\t\t<\/section>\n\t\t\t\t<section class=\"elementor-section elementor-top-section elementor-element elementor-element-4fbb0b5 elementor-section-boxed elementor-section-height-default elementor-section-height-default\" data-id=\"4fbb0b5\" data-element_type=\"section\">\n\t\t\t\t\t\t<div class=\"elementor-container elementor-column-gap-default\">\n\t\t\t\t\t<div class=\"elementor-column elementor-col-100 elementor-top-column elementor-element elementor-element-89854e0\" data-id=\"89854e0\" data-element_type=\"column\">\n\t\t\t<div class=\"elementor-widget-wrap elementor-element-populated\">\n\t\t\t\t\t\t\t\t<div class=\"elementor-element elementor-element-bfcee0f elementor-widget elementor-widget-text-editor\" data-id=\"bfcee0f\" data-element_type=\"widget\" data-no-translation=\"\" data-widget_type=\"text-editor.default\">\n\t\t\t\t<div class=\"elementor-widget-container\">\n\t\t\t\t\t<div class=\"elementor-text-editor elementor-clearfix\"><div style=\"width: 410px\"  class=\"wp-caption alignleft\"><img loading=\"lazy\" decoding=\"async\" src=\"http:\/\/chataprizelenomplese.sk\/wp-content\/uploads\/2014\/06\/12.jpg\" alt=\"Chata pri Zelenom plese\" width=\"400\" height=\"267\" align=\"left\" hspace=\"3\" \/><p class=\"wp-caption-text\">Chata pri Zelenom plese<\/p><\/div>\n<p style=\"text-align: justify;\">H\u00fctte beim Gr\u00fcnen See bietet Unterkunft in der Kategorie der touristischen Herberge, das bedeutet, dass wir konkrete Schlafpl\u00e4tze &#8211; Betten &#8211; zur Unterkunft anbieten und keine Zimmer. Alle Betten sind mit einem Kopfkissen, einem Kopfkissenbezug und Bettw\u00e4sche ausgestattet. Unterkunft mit eigenem Schlafsack, ohne Bettw\u00e4sche ist nicht m\u00f6glich. Sie k\u00f6nnen eine separate Unterkunft f\u00fcr sich buchen &#8211; bei der Buchung m\u00fcssen sie das ganze Zimmer buchen. In diesem Fall zahlen Sie auch f\u00fcr nicht belegte Betten.<\/p>\n<p style=\"text-align: justify;\">Toiletten befinden sich in jedem Flur. Duschen mit flie\u00dfendem Warmwasser befinden sich im Kellergeschoss.\n\nDie Unterbringung mit einem Hund auf dem Gel\u00e4nde der Bergh\u00fctte ist nicht m\u00f6glich.\n\nDa wir unseren Strom ausschlie\u00dflich mithilfe von einer Kraftzentrale und einer kleinen Wasserturbine generieren, dienen die Steckdosen im Esszimmerbereich nur zum Aufladen von Batterien, Telefonen etc. Bitte bringen Sie keine anderen gr\u00f6\u00dferen Elektroger\u00e4te mit.<\/p>\n\n<div style=\"width: 210px\"  class=\"wp-caption alignleft\"><img loading=\"lazy\" decoding=\"async\" src=\"http:\/\/chataprizelenomplese.sk\/wp-content\/uploads\/2014\/11\/bar_zelene_pleso.jpg\" alt=\"Bar na Chate pri Zelenom plese\" width=\"200\" height=\"134\" align=\"left\" hspace=\"3\" \/><p class=\"wp-caption-text\">Bar an H\u00fctte beim Gr\u00fcnen See<\/p><\/div>\n\n<div style=\"width: 210px\"  class=\"wp-caption alignleft\"><img loading=\"lazy\" decoding=\"async\" src=\"http:\/\/chataprizelenomplese.sk\/wp-content\/uploads\/2018\/12\/stena.jpeg\" alt=\"Bar na Chate pri Zelenom plese\" width=\"200\" height=\"134\" align=\"right\" hspace=\"3\" \/><p class=\"wp-caption-text\">Kletterwand<\/p><\/div>\n<p style=\"text-align: justify;\">\nIst ein\nM\u00f6gliche multimediale Pr\u00e4sentation, diese ist au\u00dferhalb der Er\u00f6ffnung verf\u00fcgbar bzw Abends ein Breitbildfernseher, in der Bar f\u00fcr maximal 40 Personen und eine Leinwand auf der \u00fcberdachten Terrasse des Ferienhauses f\u00fcr etwa den gleichen Betrag Personen. Und eine Kletterwand mit vorbereiteten Kletterw\u00e4nden ist ebenfalls vorhanden Borhakmi zum \u00dcben von Selbstverteidigung und Sicherung\n<br>\nDort befindet sich auch eine kleine<strong>Bar<\/strong>, die f\u00fcr private Veranstaltungen gebucht werden kann.\n<\/p><\/div>\n\t\t\t\t<\/div>\n\t\t\t\t<\/div>\n\t\t\t\t\t<\/div>\n\t\t<\/div>\n\t\t\t\t\t\t\t<\/div>\n\t\t<\/section>\n\t\t\t\t\t\t<\/div>\n\t\t\t\t\t<\/div>","protected":false},"excerpt":{"rendered":"<p>Chata na Zelenom plese poskytuje ubytovanie v kateg\u00f3rii turistickej ubytovne, \u010do v praxi znamen\u00e1, \u017ee nepou\u017e\u00edvame hotelov\u00fd syst\u00e9m \u2013 predaj celej izby, ale konkr\u00e9tne miesto na spanie \u2013 postele. V\u0161etky postele v izb\u00e1ch s\u00fa zabezpe\u010den\u00e9 vank\u00fa\u0161om, papl\u00f3nom a poste\u013enou bieliz\u0148ou. Ubytovanie s vlastn\u00fdm spac\u00e1kom bez poste\u013enej bielizne v izbe nie je mo\u017en\u00e9. M\u00f4\u017eete si rezervova\u0165 [&hellip;]<\/p>","protected":false},"author":1,"featured_media":0,"parent":0,"menu_order":0,"comment_status":"closed","ping_status":"closed","template":"","meta":{"footnotes":""},"class_list":["post-7","page","type-page","status-publish","hentry"],"aioseo_notices":[],"_links":{"self":[{"href":"https:\/\/chataprizelenomplese.sk\/de\/wp-json\/wp\/v2\/pages\/7","targetHints":{"allow":["GET"]}}],"collection":[{"href":"https:\/\/chataprizelenomplese.sk\/de\/wp-json\/wp\/v2\/pages"}],"about":[{"href":"https:\/\/chataprizelenomplese.sk\/de\/wp-json\/wp\/v2\/types\/page"}],"author":[{"embeddable":true,"href":"https:\/\/chataprizelenomplese.sk\/de\/wp-json\/wp\/v2\/users\/1"}],"replies":[{"embeddable":true,"href":"https:\/\/chataprizelenomplese.sk\/de\/wp-json\/wp\/v2\/comments?post=7"}],"version-history":[{"count":61,"href":"https:\/\/chataprizelenomplese.sk\/de\/wp-json\/wp\/v2\/pages\/7\/revisions"}],"predecessor-version":[{"id":7935,"href":"https:\/\/chataprizelenomplese.sk\/de\/wp-json\/wp\/v2\/pages\/7\/revisions\/7935"}],"wp:attachment":[{"href":"https:\/\/chataprizelenomplese.sk\/de\/wp-json\/wp\/v2\/media?parent=7"}],"curies":[{"name":"wp","href":"https:\/\/api.w.org\/{rel}","templated":true}]}}