{"id":256,"date":"2017-09-26T19:59:44","date_gmt":"2017-09-26T17:59:44","guid":{"rendered":"http:\/\/chataprizelenomplese.sk\/wp\/?page_id=256"},"modified":"2021-04-11T14:10:12","modified_gmt":"2021-04-11T12:10:12","slug":"kopske-sedlo","status":"publish","type":"page","link":"https:\/\/chataprizelenomplese.sk\/en\/kopske-sedlo\/","title":{"rendered":"Kopsk\u00e9 sedlo"},"content":{"rendered":"<div id=\"envira-gallery-wrap-547\" class=\"envira-gallery-wrap envira-gallery-theme-base envira-lightbox-theme-base\" itemscope itemtype=\"https:\/\/schema.org\/ImageGallery\"><div data-row-height=\"\" data-gallery-theme=\"\" id=\"envira-gallery-547\" class=\"envira-gallery-public  envira-gallery-3-columns envira-clear enviratope envira-gallery-css-animations\" data-envira-columns=\"3\"><div id=\"envira-gallery-item-546\" class=\"envira-gallery-item enviratope-item envira-gallery-item-1\" style=\"padding-left: 5px; padding-bottom: 10px; padding-right: 5px;\"  itemscope itemtype=\"https:\/\/schema.org\/ImageObject\"><div class=\"envira-gallery-item-inner\"><div class=\"envira-gallery-position-overlay  envira-gallery-top-left\"><\/div><div class=\"envira-gallery-position-overlay  envira-gallery-top-right\"><\/div><div class=\"envira-gallery-position-overlay  envira-gallery-bottom-left\"><\/div><div class=\"envira-gallery-position-overlay  envira-gallery-bottom-right\"><\/div><a href=\"http:\/\/chataprizelenomplese.sk\/wp-content\/uploads\/2015\/09\/vysne_kopske_sedlo_leto.jpg\" class=\"envira-gallery-547 envira-gallery-link\" rel=\"enviragallery547\" title=\"vysne_kopske_sedlo_leto\" data-envira-caption=\"vysne_kopske_sedlo_leto\" data-envira-retina=\"\" data-thumbnail=\"\"  itemprop=\"contentUrl\"><div class=\"envira-lazy\" data-test-width=\"960\" data-test-height=\"300\" style=\"padding-bottom:31.25%;\"><img decoding=\"async\" id=\"envira-gallery-image-546\" class=\"envira-gallery-image envira-gallery-image-1\" data-envira-index=\"1\" src=\"https:\/\/chataprizelenomplese.sk\/wp-content\/uploads\/2015\/09\/vysne_kopske_sedlo_leto-1024x577.jpg\" data-envira-src=\"https:\/\/chataprizelenomplese.sk\/wp-content\/uploads\/2015\/09\/vysne_kopske_sedlo_leto-1024x577.jpg\" data-envira-gallery-id=\"547\" data-envira-item-id=\"546\" data-envira-caption=\"vysne_kopske_sedlo_leto\" alt=\"\" title=\"vysne_kopske_sedlo_leto\"  itemprop=\"thumbnailUrl\" data-envira-srcset=\"https:\/\/chataprizelenomplese.sk\/wp-content\/uploads\/2015\/09\/vysne_kopske_sedlo_leto-1024x577.jpg 400w,https:\/\/chataprizelenomplese.sk\/wp-content\/uploads\/2015\/09\/vysne_kopske_sedlo_leto-1024x577.jpg 2x\" srcset=\"data:image\/gif;base64,R0lGODlhAQABAIAAAP\/\/\/\/\/\/\/yH5BAEKAAEALAAAAAABAAEAAAICTAEAOw==\" \/><\/div><\/a><\/div><\/div><div id=\"envira-gallery-item-545\" class=\"envira-gallery-item enviratope-item envira-gallery-item-2\" style=\"padding-left: 5px; padding-bottom: 10px; padding-right: 5px;\"  itemscope itemtype=\"https:\/\/schema.org\/ImageObject\"><div class=\"envira-gallery-item-inner\"><div class=\"envira-gallery-position-overlay  envira-gallery-top-left\"><\/div><div class=\"envira-gallery-position-overlay  envira-gallery-top-right\"><\/div><div class=\"envira-gallery-position-overlay  envira-gallery-bottom-left\"><\/div><div class=\"envira-gallery-position-overlay  envira-gallery-bottom-right\"><\/div><a href=\"http:\/\/chataprizelenomplese.sk\/wp-content\/uploads\/2015\/09\/vysne_kopske_sedlo.jpg\" class=\"envira-gallery-547 envira-gallery-link\" rel=\"enviragallery547\" title=\"vysne_kopske_sedlo\" data-envira-caption=\"vysne_kopske_sedlo\" data-envira-retina=\"\" data-thumbnail=\"\"  itemprop=\"contentUrl\"><div class=\"envira-lazy\" data-test-width=\"960\" data-test-height=\"300\" style=\"padding-bottom:31.25%;\"><img decoding=\"async\" id=\"envira-gallery-image-545\" class=\"envira-gallery-image envira-gallery-image-2\" data-envira-index=\"2\" src=\"https:\/\/chataprizelenomplese.sk\/wp-content\/uploads\/2015\/09\/vysne_kopske_sedlo-1024x577.jpg\" data-envira-src=\"https:\/\/chataprizelenomplese.sk\/wp-content\/uploads\/2015\/09\/vysne_kopske_sedlo-1024x577.jpg\" data-envira-gallery-id=\"547\" data-envira-item-id=\"545\" data-envira-caption=\"vysne_kopske_sedlo\" alt=\"\" title=\"vysne_kopske_sedlo\"  itemprop=\"thumbnailUrl\" data-envira-srcset=\"https:\/\/chataprizelenomplese.sk\/wp-content\/uploads\/2015\/09\/vysne_kopske_sedlo-1024x577.jpg 400w,https:\/\/chataprizelenomplese.sk\/wp-content\/uploads\/2015\/09\/vysne_kopske_sedlo-1024x577.jpg 2x\" srcset=\"data:image\/gif;base64,R0lGODlhAQABAIAAAP\/\/\/\/\/\/\/yH5BAEKAAEALAAAAAABAAEAAAICTAEAOw==\" \/><\/div><\/a><\/div><\/div><div id=\"envira-gallery-item-544\" class=\"envira-gallery-item enviratope-item envira-gallery-item-3\" style=\"padding-left: 5px; padding-bottom: 10px; padding-right: 5px;\"  itemscope itemtype=\"https:\/\/schema.org\/ImageObject\"><div class=\"envira-gallery-item-inner\"><div class=\"envira-gallery-position-overlay  envira-gallery-top-left\"><\/div><div class=\"envira-gallery-position-overlay  envira-gallery-top-right\"><\/div><div class=\"envira-gallery-position-overlay  envira-gallery-bottom-left\"><\/div><div class=\"envira-gallery-position-overlay  envira-gallery-bottom-right\"><\/div><a href=\"http:\/\/chataprizelenomplese.sk\/wp-content\/uploads\/2015\/09\/jahnaci_stit_od_velkeho_bie.jpg\" class=\"envira-gallery-547 envira-gallery-link\" rel=\"enviragallery547\" title=\"jahnaci_stit_od_velkeho_bie\" data-envira-caption=\"jahnaci_stit_od_velkeho_bie\" data-envira-retina=\"\" data-thumbnail=\"\"  itemprop=\"contentUrl\"><div class=\"envira-lazy\" data-test-width=\"960\" data-test-height=\"300\" style=\"padding-bottom:31.25%;\"><img decoding=\"async\" id=\"envira-gallery-image-544\" class=\"envira-gallery-image envira-gallery-image-3\" data-envira-index=\"3\" src=\"https:\/\/chataprizelenomplese.sk\/wp-content\/uploads\/2015\/09\/jahnaci_stit_od_velkeho_bie-1024x577.jpg\" data-envira-src=\"https:\/\/chataprizelenomplese.sk\/wp-content\/uploads\/2015\/09\/jahnaci_stit_od_velkeho_bie-1024x577.jpg\" data-envira-gallery-id=\"547\" data-envira-item-id=\"544\" data-envira-caption=\"jahnaci_stit_od_velkeho_bie\" alt=\"\" title=\"jahnaci_stit_od_velkeho_bie\"  itemprop=\"thumbnailUrl\" data-envira-srcset=\"https:\/\/chataprizelenomplese.sk\/wp-content\/uploads\/2015\/09\/jahnaci_stit_od_velkeho_bie-1024x577.jpg 400w,https:\/\/chataprizelenomplese.sk\/wp-content\/uploads\/2015\/09\/jahnaci_stit_od_velkeho_bie-1024x577.jpg 2x\" srcset=\"data:image\/gif;base64,R0lGODlhAQABAIAAAP\/\/\/\/\/\/\/yH5BAEKAAEALAAAAAABAAEAAAICTAEAOw==\" \/><\/div><\/a><\/div><\/div><\/div><\/div><noscript><img decoding=\"async\" src=\"https:\/\/chataprizelenomplese.sk\/wp-content\/uploads\/2015\/09\/vysne_kopske_sedlo_leto.jpg\" alt=\"\" \/><img decoding=\"async\" src=\"https:\/\/chataprizelenomplese.sk\/wp-content\/uploads\/2015\/09\/vysne_kopske_sedlo.jpg\" alt=\"\" \/><img decoding=\"async\" src=\"https:\/\/chataprizelenomplese.sk\/wp-content\/uploads\/2015\/09\/jahnaci_stit_od_velkeho_bie.jpg\" alt=\"\" \/><\/noscript>\n<p style=\"text-align: justify;\"><strong>Kopsk\u00e9 sedlo 1780 m.n.m.<\/strong> cez ktor\u00fd vedie zna\u010den\u00fd turistick\u00fd chodn\u00edk, bolo v&nbsp;hist\u00f3rii vyu\u017e\u00edvan\u00e9 ako trasa zbojn\u00edkov a&nbsp;pa\u0161er\u00e1kov. Nesk\u00f4r ho vyu\u017e\u00edvali rovnako ako okolit\u00e9 str\u00e1ne Belansk\u00fdch Tatier ban\u00edci h\u013abiaci v&nbsp;ich mas\u00edve \u0161t\u00f4lne, h\u013eadaj\u00fac me\u010f z&nbsp;\u010doho vypl\u00fdva aj n\u00e1zov oboch dol\u00edn, ktor\u00e9 rozde\u013euje \u2013 Predn\u00e9 a&nbsp;Zadn\u00e9 Me\u010fodoly \u2013 v&nbsp;minulosti Koper\u0161ady.<\/p>\n<p>&nbsp;<\/p>","protected":false},"excerpt":{"rendered":"<p>Kopsk\u00e9 sedlo 1780 m.n.m. cez ktor\u00fd vedie zna\u010den\u00fd turistick\u00fd chodn\u00edk, bolo v&nbsp;hist\u00f3rii vyu\u017e\u00edvan\u00e9 ako trasa zbojn\u00edkov a&nbsp;pa\u0161er\u00e1kov. Nesk\u00f4r ho vyu\u017e\u00edvali rovnako ako okolit\u00e9 str\u00e1ne Belansk\u00fdch Tatier ban\u00edci h\u013abiaci v&nbsp;ich mas\u00edve \u0161t\u00f4lne, h\u013eadaj\u00fac me\u010f z&nbsp;\u010doho vypl\u00fdva aj n\u00e1zov oboch dol\u00edn, ktor\u00e9 rozde\u013euje \u2013 Predn\u00e9 a&nbsp;Zadn\u00e9 Me\u010fodoly \u2013 v&nbsp;minulosti Koper\u0161ady. &nbsp;<\/p>","protected":false},"author":1,"featured_media":0,"parent":0,"menu_order":0,"comment_status":"closed","ping_status":"closed","template":"","meta":{"footnotes":""},"class_list":["post-256","page","type-page","status-publish","hentry"],"aioseo_notices":[],"_links":{"self":[{"href":"https:\/\/chataprizelenomplese.sk\/en\/wp-json\/wp\/v2\/pages\/256","targetHints":{"allow":["GET"]}}],"collection":[{"href":"https:\/\/chataprizelenomplese.sk\/en\/wp-json\/wp\/v2\/pages"}],"about":[{"href":"https:\/\/chataprizelenomplese.sk\/en\/wp-json\/wp\/v2\/types\/page"}],"author":[{"embeddable":true,"href":"https:\/\/chataprizelenomplese.sk\/en\/wp-json\/wp\/v2\/users\/1"}],"replies":[{"embeddable":true,"href":"https:\/\/chataprizelenomplese.sk\/en\/wp-json\/wp\/v2\/comments?post=256"}],"version-history":[{"count":1,"href":"https:\/\/chataprizelenomplese.sk\/en\/wp-json\/wp\/v2\/pages\/256\/revisions"}],"predecessor-version":[{"id":7007,"href":"https:\/\/chataprizelenomplese.sk\/en\/wp-json\/wp\/v2\/pages\/256\/revisions\/7007"}],"wp:attachment":[{"href":"https:\/\/chataprizelenomplese.sk\/en\/wp-json\/wp\/v2\/media?parent=256"}],"curies":[{"name":"wp","href":"https:\/\/api.w.org\/{rel}","templated":true}]}}