{"id":412,"date":"2017-10-02T18:42:50","date_gmt":"2017-10-02T16:42:50","guid":{"rendered":"http:\/\/chataprizelenomplese.sk\/wp\/?page_id=412"},"modified":"2021-05-23T17:26:25","modified_gmt":"2021-05-23T15:26:25","slug":"biela-voda","status":"publish","type":"page","link":"https:\/\/chataprizelenomplese.sk\/en\/biela-voda\/","title":{"rendered":"White Water\/ Biela voda"},"content":{"rendered":"<div id=\"envira-gallery-wrap-509\" class=\"envira-gallery-wrap envira-gallery-theme-base envira-lightbox-theme-base\" itemscope itemtype=\"https:\/\/schema.org\/ImageGallery\"><div data-row-height=\"\" data-gallery-theme=\"\" id=\"envira-gallery-509\" class=\"envira-gallery-public  envira-gallery-3-columns envira-clear enviratope envira-gallery-css-animations\" data-envira-columns=\"3\"><div id=\"envira-gallery-item-518\" class=\"envira-gallery-item enviratope-item envira-gallery-item-1\" style=\"padding-left: 5px; padding-bottom: 10px; padding-right: 5px;\"  itemscope itemtype=\"https:\/\/schema.org\/ImageObject\"><div class=\"envira-gallery-item-inner\"><div class=\"envira-gallery-position-overlay  envira-gallery-top-left\"><\/div><div class=\"envira-gallery-position-overlay  envira-gallery-top-right\"><\/div><div class=\"envira-gallery-position-overlay  envira-gallery-bottom-left\"><\/div><div class=\"envira-gallery-position-overlay  envira-gallery-bottom-right\"><\/div><a href=\"http:\/\/chataprizelenomplese.sk\/wp-content\/uploads\/2015\/09\/bv_51.jpg\" class=\"envira-gallery-509 envira-gallery-link\" rel=\"enviragallery509\" title=\"bv_5\" data-envira-caption=\"bv_5\" data-envira-retina=\"\" data-thumbnail=\"\"  itemprop=\"contentUrl\"><div class=\"envira-lazy\" data-test-width=\"960\" data-test-height=\"300\" style=\"padding-bottom:31.25%;\"><img decoding=\"async\" id=\"envira-gallery-image-518\" class=\"envira-gallery-image envira-gallery-image-1\" data-envira-index=\"1\" src=\"https:\/\/chataprizelenomplese.sk\/wp-content\/uploads\/2015\/09\/bv_51-1024x577.jpg\" data-envira-src=\"https:\/\/chataprizelenomplese.sk\/wp-content\/uploads\/2015\/09\/bv_51-1024x577.jpg\" data-envira-gallery-id=\"509\" data-envira-item-id=\"518\" data-envira-caption=\"bv_5\" alt=\"\" title=\"bv_5\"  itemprop=\"thumbnailUrl\" data-envira-srcset=\"https:\/\/chataprizelenomplese.sk\/wp-content\/uploads\/2015\/09\/bv_51-1024x577.jpg 400w,https:\/\/chataprizelenomplese.sk\/wp-content\/uploads\/2015\/09\/bv_51-1024x577.jpg 2x\" srcset=\"data:image\/gif;base64,R0lGODlhAQABAIAAAP\/\/\/\/\/\/\/yH5BAEKAAEALAAAAAABAAEAAAICTAEAOw==\" \/><\/div><\/a><\/div><\/div><div id=\"envira-gallery-item-517\" class=\"envira-gallery-item enviratope-item envira-gallery-item-2\" style=\"padding-left: 5px; padding-bottom: 10px; padding-right: 5px;\"  itemscope itemtype=\"https:\/\/schema.org\/ImageObject\"><div class=\"envira-gallery-item-inner\"><div class=\"envira-gallery-position-overlay  envira-gallery-top-left\"><\/div><div class=\"envira-gallery-position-overlay  envira-gallery-top-right\"><\/div><div class=\"envira-gallery-position-overlay  envira-gallery-bottom-left\"><\/div><div class=\"envira-gallery-position-overlay  envira-gallery-bottom-right\"><\/div><a href=\"http:\/\/chataprizelenomplese.sk\/wp-content\/uploads\/2015\/09\/bv_41.jpg\" class=\"envira-gallery-509 envira-gallery-link\" rel=\"enviragallery509\" title=\"bv_4\" data-envira-caption=\"bv_4\" data-envira-retina=\"\" data-thumbnail=\"\"  itemprop=\"contentUrl\"><div class=\"envira-lazy\" data-test-width=\"960\" data-test-height=\"300\" style=\"padding-bottom:31.25%;\"><img decoding=\"async\" id=\"envira-gallery-image-517\" class=\"envira-gallery-image envira-gallery-image-2\" data-envira-index=\"2\" src=\"https:\/\/chataprizelenomplese.sk\/wp-content\/uploads\/2015\/09\/bv_41-1024x577.jpg\" data-envira-src=\"https:\/\/chataprizelenomplese.sk\/wp-content\/uploads\/2015\/09\/bv_41-1024x577.jpg\" data-envira-gallery-id=\"509\" data-envira-item-id=\"517\" data-envira-caption=\"bv_4\" alt=\"\" title=\"bv_4\"  itemprop=\"thumbnailUrl\" data-envira-srcset=\"https:\/\/chataprizelenomplese.sk\/wp-content\/uploads\/2015\/09\/bv_41-1024x577.jpg 400w,https:\/\/chataprizelenomplese.sk\/wp-content\/uploads\/2015\/09\/bv_41-1024x577.jpg 2x\" srcset=\"data:image\/gif;base64,R0lGODlhAQABAIAAAP\/\/\/\/\/\/\/yH5BAEKAAEALAAAAAABAAEAAAICTAEAOw==\" \/><\/div><\/a><\/div><\/div><div id=\"envira-gallery-item-516\" class=\"envira-gallery-item enviratope-item envira-gallery-item-3\" style=\"padding-left: 5px; padding-bottom: 10px; padding-right: 5px;\"  itemscope itemtype=\"https:\/\/schema.org\/ImageObject\"><div class=\"envira-gallery-item-inner\"><div class=\"envira-gallery-position-overlay  envira-gallery-top-left\"><\/div><div class=\"envira-gallery-position-overlay  envira-gallery-top-right\"><\/div><div class=\"envira-gallery-position-overlay  envira-gallery-bottom-left\"><\/div><div class=\"envira-gallery-position-overlay  envira-gallery-bottom-right\"><\/div><a href=\"http:\/\/chataprizelenomplese.sk\/wp-content\/uploads\/2015\/09\/bv_31.jpg\" class=\"envira-gallery-509 envira-gallery-link\" rel=\"enviragallery509\" title=\"bv_3\" data-envira-caption=\"bv_3\" data-envira-retina=\"\" data-thumbnail=\"\"  itemprop=\"contentUrl\"><div class=\"envira-lazy\" data-test-width=\"960\" data-test-height=\"300\" style=\"padding-bottom:31.25%;\"><img decoding=\"async\" id=\"envira-gallery-image-516\" class=\"envira-gallery-image envira-gallery-image-3\" data-envira-index=\"3\" src=\"https:\/\/chataprizelenomplese.sk\/wp-content\/uploads\/2015\/09\/bv_31-1024x577.jpg\" data-envira-src=\"https:\/\/chataprizelenomplese.sk\/wp-content\/uploads\/2015\/09\/bv_31-1024x577.jpg\" data-envira-gallery-id=\"509\" data-envira-item-id=\"516\" data-envira-caption=\"bv_3\" alt=\"\" title=\"bv_3\"  itemprop=\"thumbnailUrl\" data-envira-srcset=\"https:\/\/chataprizelenomplese.sk\/wp-content\/uploads\/2015\/09\/bv_31-1024x577.jpg 400w,https:\/\/chataprizelenomplese.sk\/wp-content\/uploads\/2015\/09\/bv_31-1024x577.jpg 2x\" srcset=\"data:image\/gif;base64,R0lGODlhAQABAIAAAP\/\/\/\/\/\/\/yH5BAEKAAEALAAAAAABAAEAAAICTAEAOw==\" \/><\/div><\/a><\/div><\/div><div id=\"envira-gallery-item-515\" class=\"envira-gallery-item enviratope-item envira-gallery-item-4\" style=\"padding-left: 5px; padding-bottom: 10px; padding-right: 5px;\"  itemscope itemtype=\"https:\/\/schema.org\/ImageObject\"><div class=\"envira-gallery-item-inner\"><div class=\"envira-gallery-position-overlay  envira-gallery-top-left\"><\/div><div class=\"envira-gallery-position-overlay  envira-gallery-top-right\"><\/div><div class=\"envira-gallery-position-overlay  envira-gallery-bottom-left\"><\/div><div class=\"envira-gallery-position-overlay  envira-gallery-bottom-right\"><\/div><a href=\"http:\/\/chataprizelenomplese.sk\/wp-content\/uploads\/2015\/09\/bv_21.jpg\" class=\"envira-gallery-509 envira-gallery-link\" rel=\"enviragallery509\" title=\"bv_2\" data-envira-caption=\"bv_2\" data-envira-retina=\"\" data-thumbnail=\"\"  itemprop=\"contentUrl\"><div class=\"envira-lazy\" data-test-width=\"960\" data-test-height=\"300\" style=\"padding-bottom:31.25%;\"><img decoding=\"async\" id=\"envira-gallery-image-515\" class=\"envira-gallery-image envira-gallery-image-4\" data-envira-index=\"4\" src=\"https:\/\/chataprizelenomplese.sk\/wp-content\/uploads\/2015\/09\/bv_21-1024x577.jpg\" data-envira-src=\"https:\/\/chataprizelenomplese.sk\/wp-content\/uploads\/2015\/09\/bv_21-1024x577.jpg\" data-envira-gallery-id=\"509\" data-envira-item-id=\"515\" data-envira-caption=\"bv_2\" alt=\"\" title=\"bv_2\"  itemprop=\"thumbnailUrl\" data-envira-srcset=\"https:\/\/chataprizelenomplese.sk\/wp-content\/uploads\/2015\/09\/bv_21-1024x577.jpg 400w,https:\/\/chataprizelenomplese.sk\/wp-content\/uploads\/2015\/09\/bv_21-1024x577.jpg 2x\" srcset=\"data:image\/gif;base64,R0lGODlhAQABAIAAAP\/\/\/\/\/\/\/yH5BAEKAAEALAAAAAABAAEAAAICTAEAOw==\" \/><\/div><\/a><\/div><\/div><div id=\"envira-gallery-item-514\" class=\"envira-gallery-item enviratope-item envira-gallery-item-5\" style=\"padding-left: 5px; padding-bottom: 10px; padding-right: 5px;\"  itemscope itemtype=\"https:\/\/schema.org\/ImageObject\"><div class=\"envira-gallery-item-inner\"><div class=\"envira-gallery-position-overlay  envira-gallery-top-left\"><\/div><div class=\"envira-gallery-position-overlay  envira-gallery-top-right\"><\/div><div class=\"envira-gallery-position-overlay  envira-gallery-bottom-left\"><\/div><div class=\"envira-gallery-position-overlay  envira-gallery-bottom-right\"><\/div><a href=\"http:\/\/chataprizelenomplese.sk\/wp-content\/uploads\/2015\/09\/bv_1.jpg\" class=\"envira-gallery-509 envira-gallery-link\" rel=\"enviragallery509\" title=\"bv_1\" data-envira-caption=\"bv_1\" data-envira-retina=\"\" data-thumbnail=\"\"  itemprop=\"contentUrl\"><div class=\"envira-lazy\" data-test-width=\"960\" data-test-height=\"300\" style=\"padding-bottom:31.25%;\"><img decoding=\"async\" id=\"envira-gallery-image-514\" class=\"envira-gallery-image envira-gallery-image-5\" data-envira-index=\"5\" src=\"https:\/\/chataprizelenomplese.sk\/wp-content\/uploads\/2015\/09\/bv_1-1024x577.jpg\" data-envira-src=\"https:\/\/chataprizelenomplese.sk\/wp-content\/uploads\/2015\/09\/bv_1-1024x577.jpg\" data-envira-gallery-id=\"509\" data-envira-item-id=\"514\" data-envira-caption=\"bv_1\" alt=\"\" title=\"bv_1\"  itemprop=\"thumbnailUrl\" data-envira-srcset=\"https:\/\/chataprizelenomplese.sk\/wp-content\/uploads\/2015\/09\/bv_1-1024x577.jpg 400w,https:\/\/chataprizelenomplese.sk\/wp-content\/uploads\/2015\/09\/bv_1-1024x577.jpg 2x\" srcset=\"data:image\/gif;base64,R0lGODlhAQABAIAAAP\/\/\/\/\/\/\/yH5BAEKAAEALAAAAAABAAEAAAICTAEAOw==\" \/><\/div><\/a><\/div><\/div><\/div><\/div><noscript><img decoding=\"async\" src=\"https:\/\/chataprizelenomplese.sk\/wp-content\/uploads\/2015\/09\/bv_51.jpg\" alt=\"\" \/><img decoding=\"async\" src=\"https:\/\/chataprizelenomplese.sk\/wp-content\/uploads\/2015\/09\/bv_41.jpg\" alt=\"\" \/><img decoding=\"async\" src=\"https:\/\/chataprizelenomplese.sk\/wp-content\/uploads\/2015\/09\/bv_31.jpg\" alt=\"\" \/><img decoding=\"async\" src=\"https:\/\/chataprizelenomplese.sk\/wp-content\/uploads\/2015\/09\/bv_21.jpg\" alt=\"\" \/><img decoding=\"async\" src=\"https:\/\/chataprizelenomplese.sk\/wp-content\/uploads\/2015\/09\/bv_1.jpg\" alt=\"\" \/><\/noscript>\n<p style=\"text-align: justify;\"><strong>Biela voda <\/strong>910m.n.m.(bus stop) yellow sign &#8211; the whole route of the ascent, crossroads \/ shelter \u0160alviov\u00fd prame\u0148 1100m &#8211; crossroads \/ shelter Kova\u013e\u010d\u00edkova po\u013eana Chata pri Zelenom Plese 1551m.n.m, duration of the ascent is 3 hours.<\/p>\n<p style=\"text-align: justify;\"><strong>White water 910m.n.m. (bus stop) yellow sign &#8211; <\/strong>the whole route of the ascent, crossroads \/ shelter \u0160alviov\u00fd prame\u0148 1100m and further along the blue sign to Ve\u013ek\u00e9 Biele pleso 1615m.n.m. &#8211; crossroads \/ shelter, then follow the red sign to cottage at the Zelen\u00e9 Pleso 1551m.n.m., Ascent time is 3 hours 15 minutes.<\/p>\n<p><iframe loading=\"lazy\" src=\"https:\/\/mapsengine.google.com\/map\/embed?mid=zmoPKE98zdYA.kSa_EaLJh8YE\" width=\"640\" height=\"480\"><\/iframe><\/p>","protected":false},"excerpt":{"rendered":"<p>Biela voda 910m.n.m.(bus stop) yellow sign &#8211; the whole route of the ascent, crossroads \/ shelter \u0160alviov\u00fd prame\u0148 1100m &#8211; crossroads \/ shelter Kova\u013e\u010d\u00edkova po\u013eana Chata pri Zelenom Plese 1551m.n.m, duration of the ascent is 3 hours. White water 910m.n.m. (bus stop) yellow sign &#8211; the whole route of the ascent, crossroads \/ shelter \u0160alviov\u00fd [&hellip;]<\/p>","protected":false},"author":1,"featured_media":0,"parent":0,"menu_order":0,"comment_status":"closed","ping_status":"closed","template":"","meta":{"footnotes":""},"class_list":["post-412","page","type-page","status-publish","hentry"],"aioseo_notices":[],"_links":{"self":[{"href":"https:\/\/chataprizelenomplese.sk\/en\/wp-json\/wp\/v2\/pages\/412","targetHints":{"allow":["GET"]}}],"collection":[{"href":"https:\/\/chataprizelenomplese.sk\/en\/wp-json\/wp\/v2\/pages"}],"about":[{"href":"https:\/\/chataprizelenomplese.sk\/en\/wp-json\/wp\/v2\/types\/page"}],"author":[{"embeddable":true,"href":"https:\/\/chataprizelenomplese.sk\/en\/wp-json\/wp\/v2\/users\/1"}],"replies":[{"embeddable":true,"href":"https:\/\/chataprizelenomplese.sk\/en\/wp-json\/wp\/v2\/comments?post=412"}],"version-history":[{"count":6,"href":"https:\/\/chataprizelenomplese.sk\/en\/wp-json\/wp\/v2\/pages\/412\/revisions"}],"predecessor-version":[{"id":7232,"href":"https:\/\/chataprizelenomplese.sk\/en\/wp-json\/wp\/v2\/pages\/412\/revisions\/7232"}],"wp:attachment":[{"href":"https:\/\/chataprizelenomplese.sk\/en\/wp-json\/wp\/v2\/media?parent=412"}],"curies":[{"name":"wp","href":"https:\/\/api.w.org\/{rel}","templated":true}]}}