{"id":437,"date":"2016-12-03T13:31:51","date_gmt":"2016-12-03T12:31:51","guid":{"rendered":"http:\/\/chataprizelenomplese.sk\/wp\/?page_id=437"},"modified":"2021-05-23T17:25:58","modified_gmt":"2021-05-23T15:25:58","slug":"zdiar-a-tatranska-javorina","status":"publish","type":"page","link":"https:\/\/chataprizelenomplese.sk\/en\/zdiar-a-tatranska-javorina\/","title":{"rendered":"\u017ddiar a Tatransk\u00e1 Javorina"},"content":{"rendered":"<div id=\"envira-gallery-wrap-568\" class=\"envira-gallery-wrap envira-gallery-theme-base envira-lightbox-theme-base\" itemscope itemtype=\"https:\/\/schema.org\/ImageGallery\"><div data-row-height=\"\" data-gallery-theme=\"\" id=\"envira-gallery-568\" class=\"envira-gallery-public  envira-gallery-3-columns envira-clear enviratope envira-gallery-css-animations\" data-envira-columns=\"3\"><div id=\"envira-gallery-item-567\" class=\"envira-gallery-item enviratope-item envira-gallery-item-1\" style=\"padding-left: 5px; padding-bottom: 10px; padding-right: 5px;\"  itemscope itemtype=\"https:\/\/schema.org\/ImageObject\"><div class=\"envira-gallery-item-inner\"><div class=\"envira-gallery-position-overlay  envira-gallery-top-left\"><\/div><div class=\"envira-gallery-position-overlay  envira-gallery-top-right\"><\/div><div class=\"envira-gallery-position-overlay  envira-gallery-bottom-left\"><\/div><div class=\"envira-gallery-position-overlay  envira-gallery-bottom-right\"><\/div><a href=\"http:\/\/chataprizelenomplese.sk\/wp-content\/uploads\/2015\/09\/zdiarska_vidla_22.jpg\" class=\"envira-gallery-568 envira-gallery-link\" rel=\"enviragallery568\" title=\"zdiarska_vidla_22\" data-envira-caption=\"zdiarska_vidla_22\" data-envira-retina=\"\" data-thumbnail=\"\"  itemprop=\"contentUrl\"><div class=\"envira-lazy\" data-test-width=\"960\" data-test-height=\"300\" style=\"padding-bottom:31.25%;\"><img decoding=\"async\" id=\"envira-gallery-image-567\" class=\"envira-gallery-image envira-gallery-image-1\" data-envira-index=\"1\" src=\"https:\/\/chataprizelenomplese.sk\/wp-content\/uploads\/2015\/09\/zdiarska_vidla_22-1024x577.jpg\" data-envira-src=\"https:\/\/chataprizelenomplese.sk\/wp-content\/uploads\/2015\/09\/zdiarska_vidla_22-1024x577.jpg\" data-envira-gallery-id=\"568\" data-envira-item-id=\"567\" data-envira-caption=\"zdiarska_vidla_22\" alt=\"\" title=\"zdiarska_vidla_22\"  itemprop=\"thumbnailUrl\" data-envira-srcset=\"https:\/\/chataprizelenomplese.sk\/wp-content\/uploads\/2015\/09\/zdiarska_vidla_22-1024x577.jpg 400w,https:\/\/chataprizelenomplese.sk\/wp-content\/uploads\/2015\/09\/zdiarska_vidla_22-1024x577.jpg 2x\" srcset=\"data:image\/gif;base64,R0lGODlhAQABAIAAAP\/\/\/\/\/\/\/yH5BAEKAAEALAAAAAABAAEAAAICTAEAOw==\" \/><\/div><\/a><\/div><\/div><div id=\"envira-gallery-item-566\" class=\"envira-gallery-item enviratope-item envira-gallery-item-2\" style=\"padding-left: 5px; padding-bottom: 10px; padding-right: 5px;\"  itemscope itemtype=\"https:\/\/schema.org\/ImageObject\"><div class=\"envira-gallery-item-inner\"><div class=\"envira-gallery-position-overlay  envira-gallery-top-left\"><\/div><div class=\"envira-gallery-position-overlay  envira-gallery-top-right\"><\/div><div class=\"envira-gallery-position-overlay  envira-gallery-bottom-left\"><\/div><div class=\"envira-gallery-position-overlay  envira-gallery-bottom-right\"><\/div><a href=\"http:\/\/chataprizelenomplese.sk\/wp-content\/uploads\/2015\/09\/zdiarska_vidla_10.jpg\" class=\"envira-gallery-568 envira-gallery-link\" rel=\"enviragallery568\" title=\"zdiarska_vidla_10\" data-envira-caption=\"zdiarska_vidla_10\" data-envira-retina=\"\" data-thumbnail=\"\"  itemprop=\"contentUrl\"><div class=\"envira-lazy\" data-test-width=\"960\" data-test-height=\"300\" style=\"padding-bottom:31.25%;\"><img decoding=\"async\" id=\"envira-gallery-image-566\" class=\"envira-gallery-image envira-gallery-image-2\" data-envira-index=\"2\" src=\"https:\/\/chataprizelenomplese.sk\/wp-content\/uploads\/2015\/09\/zdiarska_vidla_10-1024x577.jpg\" data-envira-src=\"https:\/\/chataprizelenomplese.sk\/wp-content\/uploads\/2015\/09\/zdiarska_vidla_10-1024x577.jpg\" data-envira-gallery-id=\"568\" data-envira-item-id=\"566\" data-envira-caption=\"zdiarska_vidla_10\" alt=\"\" title=\"zdiarska_vidla_10\"  itemprop=\"thumbnailUrl\" data-envira-srcset=\"https:\/\/chataprizelenomplese.sk\/wp-content\/uploads\/2015\/09\/zdiarska_vidla_10-1024x577.jpg 400w,https:\/\/chataprizelenomplese.sk\/wp-content\/uploads\/2015\/09\/zdiarska_vidla_10-1024x577.jpg 2x\" srcset=\"data:image\/gif;base64,R0lGODlhAQABAIAAAP\/\/\/\/\/\/\/yH5BAEKAAEALAAAAAABAAEAAAICTAEAOw==\" \/><\/div><\/a><\/div><\/div><div id=\"envira-gallery-item-565\" class=\"envira-gallery-item enviratope-item envira-gallery-item-3\" style=\"padding-left: 5px; padding-bottom: 10px; padding-right: 5px;\"  itemscope itemtype=\"https:\/\/schema.org\/ImageObject\"><div class=\"envira-gallery-item-inner\"><div class=\"envira-gallery-position-overlay  envira-gallery-top-left\"><\/div><div class=\"envira-gallery-position-overlay  envira-gallery-top-right\"><\/div><div class=\"envira-gallery-position-overlay  envira-gallery-bottom-left\"><\/div><div class=\"envira-gallery-position-overlay  envira-gallery-bottom-right\"><\/div><a href=\"http:\/\/chataprizelenomplese.sk\/wp-content\/uploads\/2015\/09\/zdiarska_vidla_6.jpg\" class=\"envira-gallery-568 envira-gallery-link\" rel=\"enviragallery568\" title=\"zdiarska_vidla_6\" data-envira-caption=\"zdiarska_vidla_6\" data-envira-retina=\"\" data-thumbnail=\"\"  itemprop=\"contentUrl\"><div class=\"envira-lazy\" data-test-width=\"960\" data-test-height=\"300\" style=\"padding-bottom:31.25%;\"><img decoding=\"async\" id=\"envira-gallery-image-565\" class=\"envira-gallery-image envira-gallery-image-3\" data-envira-index=\"3\" src=\"https:\/\/chataprizelenomplese.sk\/wp-content\/uploads\/2015\/09\/zdiarska_vidla_6-1024x577.jpg\" data-envira-src=\"https:\/\/chataprizelenomplese.sk\/wp-content\/uploads\/2015\/09\/zdiarska_vidla_6-1024x577.jpg\" data-envira-gallery-id=\"568\" data-envira-item-id=\"565\" data-envira-caption=\"zdiarska_vidla_6\" alt=\"\" title=\"zdiarska_vidla_6\"  itemprop=\"thumbnailUrl\" data-envira-srcset=\"https:\/\/chataprizelenomplese.sk\/wp-content\/uploads\/2015\/09\/zdiarska_vidla_6-1024x577.jpg 400w,https:\/\/chataprizelenomplese.sk\/wp-content\/uploads\/2015\/09\/zdiarska_vidla_6-1024x577.jpg 2x\" srcset=\"data:image\/gif;base64,R0lGODlhAQABAIAAAP\/\/\/\/\/\/\/yH5BAEKAAEALAAAAAABAAEAAAICTAEAOw==\" \/><\/div><\/a><\/div><\/div><div id=\"envira-gallery-item-564\" class=\"envira-gallery-item enviratope-item envira-gallery-item-4\" style=\"padding-left: 5px; padding-bottom: 10px; padding-right: 5px;\"  itemscope itemtype=\"https:\/\/schema.org\/ImageObject\"><div class=\"envira-gallery-item-inner\"><div class=\"envira-gallery-position-overlay  envira-gallery-top-left\"><\/div><div class=\"envira-gallery-position-overlay  envira-gallery-top-right\"><\/div><div class=\"envira-gallery-position-overlay  envira-gallery-bottom-left\"><\/div><div class=\"envira-gallery-position-overlay  envira-gallery-bottom-right\"><\/div><a href=\"http:\/\/chataprizelenomplese.sk\/wp-content\/uploads\/2015\/09\/kopske_sedlo_nov_8.jpg\" class=\"envira-gallery-568 envira-gallery-link\" rel=\"enviragallery568\" title=\"kopske_sedlo_nov_8\" data-envira-caption=\"kopske_sedlo_nov_8\" data-envira-retina=\"\" data-thumbnail=\"\"  itemprop=\"contentUrl\"><div class=\"envira-lazy\" data-test-width=\"960\" data-test-height=\"300\" style=\"padding-bottom:31.25%;\"><img decoding=\"async\" id=\"envira-gallery-image-564\" class=\"envira-gallery-image envira-gallery-image-4\" data-envira-index=\"4\" src=\"https:\/\/chataprizelenomplese.sk\/wp-content\/uploads\/2015\/09\/kopske_sedlo_nov_8-1024x577.jpg\" data-envira-src=\"https:\/\/chataprizelenomplese.sk\/wp-content\/uploads\/2015\/09\/kopske_sedlo_nov_8-1024x577.jpg\" data-envira-gallery-id=\"568\" data-envira-item-id=\"564\" data-envira-caption=\"kopske_sedlo_nov_8\" alt=\"\" title=\"kopske_sedlo_nov_8\"  itemprop=\"thumbnailUrl\" data-envira-srcset=\"https:\/\/chataprizelenomplese.sk\/wp-content\/uploads\/2015\/09\/kopske_sedlo_nov_8-1024x577.jpg 400w,https:\/\/chataprizelenomplese.sk\/wp-content\/uploads\/2015\/09\/kopske_sedlo_nov_8-1024x577.jpg 2x\" srcset=\"data:image\/gif;base64,R0lGODlhAQABAIAAAP\/\/\/\/\/\/\/yH5BAEKAAEALAAAAAABAAEAAAICTAEAOw==\" \/><\/div><\/a><\/div><\/div><div id=\"envira-gallery-item-563\" class=\"envira-gallery-item enviratope-item envira-gallery-item-5\" style=\"padding-left: 5px; padding-bottom: 10px; padding-right: 5px;\"  itemscope itemtype=\"https:\/\/schema.org\/ImageObject\"><div class=\"envira-gallery-item-inner\"><div class=\"envira-gallery-position-overlay  envira-gallery-top-left\"><\/div><div class=\"envira-gallery-position-overlay  envira-gallery-top-right\"><\/div><div class=\"envira-gallery-position-overlay  envira-gallery-bottom-left\"><\/div><div class=\"envira-gallery-position-overlay  envira-gallery-bottom-right\"><\/div><a href=\"http:\/\/chataprizelenomplese.sk\/wp-content\/uploads\/2015\/09\/kopske_sedlo_nov_4.jpg\" class=\"envira-gallery-568 envira-gallery-link\" rel=\"enviragallery568\" title=\"kopske_sedlo_nov_4\" data-envira-caption=\"kopske_sedlo_nov_4\" data-envira-retina=\"\" data-thumbnail=\"\"  itemprop=\"contentUrl\"><div class=\"envira-lazy\" data-test-width=\"960\" data-test-height=\"300\" style=\"padding-bottom:31.25%;\"><img decoding=\"async\" id=\"envira-gallery-image-563\" class=\"envira-gallery-image envira-gallery-image-5\" data-envira-index=\"5\" src=\"https:\/\/chataprizelenomplese.sk\/wp-content\/uploads\/2015\/09\/kopske_sedlo_nov_4-1024x577.jpg\" data-envira-src=\"https:\/\/chataprizelenomplese.sk\/wp-content\/uploads\/2015\/09\/kopske_sedlo_nov_4-1024x577.jpg\" data-envira-gallery-id=\"568\" data-envira-item-id=\"563\" data-envira-caption=\"kopske_sedlo_nov_4\" alt=\"\" title=\"kopske_sedlo_nov_4\"  itemprop=\"thumbnailUrl\" data-envira-srcset=\"https:\/\/chataprizelenomplese.sk\/wp-content\/uploads\/2015\/09\/kopske_sedlo_nov_4-1024x577.jpg 400w,https:\/\/chataprizelenomplese.sk\/wp-content\/uploads\/2015\/09\/kopske_sedlo_nov_4-1024x577.jpg 2x\" srcset=\"data:image\/gif;base64,R0lGODlhAQABAIAAAP\/\/\/\/\/\/\/yH5BAEKAAEALAAAAAABAAEAAAICTAEAOw==\" \/><\/div><\/a><\/div><\/div><div id=\"envira-gallery-item-562\" class=\"envira-gallery-item enviratope-item envira-gallery-item-6\" style=\"padding-left: 5px; padding-bottom: 10px; padding-right: 5px;\"  itemscope itemtype=\"https:\/\/schema.org\/ImageObject\"><div class=\"envira-gallery-item-inner\"><div class=\"envira-gallery-position-overlay  envira-gallery-top-left\"><\/div><div class=\"envira-gallery-position-overlay  envira-gallery-top-right\"><\/div><div class=\"envira-gallery-position-overlay  envira-gallery-bottom-left\"><\/div><div class=\"envira-gallery-position-overlay  envira-gallery-bottom-right\"><\/div><a href=\"http:\/\/chataprizelenomplese.sk\/wp-content\/uploads\/2015\/09\/hreben_18.jpg\" class=\"envira-gallery-568 envira-gallery-link\" rel=\"enviragallery568\" title=\"hreben_18\" data-envira-caption=\"hreben_18\" data-envira-retina=\"\" data-thumbnail=\"\"  itemprop=\"contentUrl\"><div class=\"envira-lazy\" data-test-width=\"960\" data-test-height=\"300\" style=\"padding-bottom:31.25%;\"><img decoding=\"async\" id=\"envira-gallery-image-562\" class=\"envira-gallery-image envira-gallery-image-6\" data-envira-index=\"6\" src=\"https:\/\/chataprizelenomplese.sk\/wp-content\/uploads\/2015\/09\/hreben_18-1024x577.jpg\" data-envira-src=\"https:\/\/chataprizelenomplese.sk\/wp-content\/uploads\/2015\/09\/hreben_18-1024x577.jpg\" data-envira-gallery-id=\"568\" data-envira-item-id=\"562\" data-envira-caption=\"hreben_18\" alt=\"\" title=\"hreben_18\"  itemprop=\"thumbnailUrl\" data-envira-srcset=\"https:\/\/chataprizelenomplese.sk\/wp-content\/uploads\/2015\/09\/hreben_18-1024x577.jpg 400w,https:\/\/chataprizelenomplese.sk\/wp-content\/uploads\/2015\/09\/hreben_18-1024x577.jpg 2x\" srcset=\"data:image\/gif;base64,R0lGODlhAQABAIAAAP\/\/\/\/\/\/\/yH5BAEKAAEALAAAAAABAAEAAAICTAEAOw==\" \/><\/div><\/a><\/div><\/div><\/div><\/div><noscript><img decoding=\"async\" src=\"https:\/\/chataprizelenomplese.sk\/wp-content\/uploads\/2015\/09\/zdiarska_vidla_22.jpg\" alt=\"\" \/><img decoding=\"async\" src=\"https:\/\/chataprizelenomplese.sk\/wp-content\/uploads\/2015\/09\/zdiarska_vidla_10.jpg\" alt=\"\" \/><img decoding=\"async\" src=\"https:\/\/chataprizelenomplese.sk\/wp-content\/uploads\/2015\/09\/zdiarska_vidla_6.jpg\" alt=\"\" \/><img decoding=\"async\" src=\"https:\/\/chataprizelenomplese.sk\/wp-content\/uploads\/2015\/09\/kopske_sedlo_nov_8.jpg\" alt=\"\" \/><img decoding=\"async\" src=\"https:\/\/chataprizelenomplese.sk\/wp-content\/uploads\/2015\/09\/kopske_sedlo_nov_4.jpg\" alt=\"\" \/><img decoding=\"async\" src=\"https:\/\/chataprizelenomplese.sk\/wp-content\/uploads\/2015\/09\/hreben_18.jpg\" alt=\"\" \/><\/noscript>\n<p><strong>\u017ddiar 895 m.n.m.\u00a0<\/strong>along the green sign through Monkova dolina to \u0160irok\u00e9 sedlo 1825 m.n.m. and further to Kopsk\u00e9 sedlo 1750m.n.m., from where the blue signs lead to Ve\u013ek\u00e9 Biele pleso 1615m.n.m. \u2013 crossroads \/ shelter, and follow the red signs to the Cottage at Zelen\u00e9 pleso 1551m.n.m., duration of ascent 5 hours 15 minutes<\/p>\n<p><strong>Tatransk\u00e1 Javorina 1000m.n.m.\u00a0<\/strong>\u2013 blue sign to the crossroads under Mur\u00e1\u0148 further to Kopsk\u00e9 sedlo 1750m.n.m. and down to the Ve\u013ek\u00e9 Biele pleso 1615m.n.m. from there follow the red sign to the Cottage at Zelen\u00e9 pleso, the ascent duration is 4 hours.<\/p>","protected":false},"excerpt":{"rendered":"<p>\u017ddiar 895 m.n.m.\u00a0along the green sign through Monkova dolina to \u0160irok\u00e9 sedlo 1825 m.n.m. and further to Kopsk\u00e9 sedlo 1750m.n.m., from where the blue signs lead to Ve\u013ek\u00e9 Biele pleso 1615m.n.m. \u2013 crossroads \/ shelter, and follow the red signs to the Cottage at Zelen\u00e9 pleso 1551m.n.m., duration of ascent 5 hours 15 minutes Tatransk\u00e1 [&hellip;]<\/p>","protected":false},"author":1,"featured_media":0,"parent":0,"menu_order":0,"comment_status":"closed","ping_status":"closed","template":"","meta":{"footnotes":""},"class_list":["post-437","page","type-page","status-publish","hentry"],"aioseo_notices":[],"_links":{"self":[{"href":"https:\/\/chataprizelenomplese.sk\/en\/wp-json\/wp\/v2\/pages\/437","targetHints":{"allow":["GET"]}}],"collection":[{"href":"https:\/\/chataprizelenomplese.sk\/en\/wp-json\/wp\/v2\/pages"}],"about":[{"href":"https:\/\/chataprizelenomplese.sk\/en\/wp-json\/wp\/v2\/types\/page"}],"author":[{"embeddable":true,"href":"https:\/\/chataprizelenomplese.sk\/en\/wp-json\/wp\/v2\/users\/1"}],"replies":[{"embeddable":true,"href":"https:\/\/chataprizelenomplese.sk\/en\/wp-json\/wp\/v2\/comments?post=437"}],"version-history":[{"count":3,"href":"https:\/\/chataprizelenomplese.sk\/en\/wp-json\/wp\/v2\/pages\/437\/revisions"}],"predecessor-version":[{"id":7231,"href":"https:\/\/chataprizelenomplese.sk\/en\/wp-json\/wp\/v2\/pages\/437\/revisions\/7231"}],"wp:attachment":[{"href":"https:\/\/chataprizelenomplese.sk\/en\/wp-json\/wp\/v2\/media?parent=437"}],"curies":[{"name":"wp","href":"https:\/\/api.w.org\/{rel}","templated":true}]}}