{"id":6910,"date":"2017-06-24T12:57:56","date_gmt":"2017-06-24T10:57:56","guid":{"rendered":"http:\/\/chataprizelenomplese.sk\/wp\/?page_id=13"},"modified":"2024-07-05T09:47:37","modified_gmt":"2024-07-05T07:47:37","slug":"vystupy-z-horskym-vodcom","status":"publish","type":"page","link":"https:\/\/chataprizelenomplese.sk\/en\/vystupy-z-horskym-vodcom\/","title":{"rendered":"V\u00fdstupy s horsk\u00fdm vodcom"},"content":{"rendered":"<div data-elementor-type=\"wp-page\" data-elementor-id=\"6910\" class=\"elementor elementor-6910\" data-elementor-settings=\"[]\">\n\t\t\t\t\t\t\t<div class=\"elementor-section-wrap\">\n\t\t\t\t\t\t\t<section class=\"elementor-section elementor-top-section elementor-element elementor-element-173c80e1 elementor-section-boxed elementor-section-height-default elementor-section-height-default\" data-id=\"173c80e1\" data-element_type=\"section\">\n\t\t\t\t\t\t<div class=\"elementor-container elementor-column-gap-default\">\n\t\t\t\t\t<div class=\"elementor-column elementor-col-100 elementor-top-column elementor-element elementor-element-7cd05f97\" data-id=\"7cd05f97\" data-element_type=\"column\">\n\t\t\t<div class=\"elementor-widget-wrap elementor-element-populated\">\n\t\t\t\t\t\t\t\t<div class=\"elementor-element elementor-element-1d0f61ba elementor-widget elementor-widget-text-editor\" data-id=\"1d0f61ba\" data-element_type=\"widget\" data-widget_type=\"text-editor.default\">\n\t\t\t\t<div class=\"elementor-widget-container\">\n\t\t\t\t\t<div class=\"elementor-text-editor elementor-clearfix\"><p class=\"justice\">\n<div style=\"width: 410px\"  class=\"wp-caption alignright\"><img loading=\"lazy\" decoding=\"async\" src=\"http:\/\/chataprizelenomplese.sk\/wp-content\/uploads\/2014\/12\/cierny_stit_jastrabia_veza.jpg\" alt=\"\u010cierny \u0161t\u00edt a Jastrabia ve\u017ea\" width=\"400\" height=\"299\" \/><p class=\"wp-caption-text\">\u010cierny \u0161t\u00edt a Jastrabia ve\u017ea<\/p><\/div>\nHorsk\u00fd vodca je v\u00fdhradne \u010dlovek s ozna\u010denim UIAGM , a je povinn\u00fd sa preuk\u00e1zat preukazom horsk\u00e9ho vodcu.\n<br>\n<strong>Jastrabia ve\u017ea<\/strong>\n\nKorbunkulov\u00fd hrebe\u0148 \u2013 Kolov\u00fd \u0161t\u00edt\n\n<strong>Kolov\u00fd \u0161t\u00edt <\/strong>\n\n<div style=\"width: 410px\"  class=\"wp-caption alignright\"><img loading=\"lazy\" decoding=\"async\" src=\"http:\/\/chataprizelenomplese.sk\/wp-content\/uploads\/2014\/12\/spissky_stit_baranie_rohy.jpg\" alt=\"Spi\u0161sk\u00fd \u0161t\u00edt a Baranie rohy\" width=\"400\" height=\"267\" \/><p class=\"wp-caption-text\">Spi\u0161sk\u00fd \u0161t\u00edt a Baranie rohy<\/p><\/div>\n<br>\n<strong>\u010cierny \u0161t\u00edt<\/strong>\n\nTraverz \u010cierny \u0161t\u00edt \u2013 Kolov\u00fd \u0161t\u00edt\n<br>\n<strong>Baranie rohy<\/strong>\n<br>\n<strong>Mal\u00fd Ke\u017emarsk\u00fd \u0161t\u00edt \u00a0\u00a0\u00a0\u00a0\u00a0 <\/strong>&#8211;\u00a0\u00a0 Nemeck\u00fdm rebr\u00edkom\n\n&#8211;\u00a0\u00a0\u00a0\u00a0\u00a0\u00a0 SV hranou klasifik\u00e1cia III\n<br>\n<strong>Lomnick\u00fd \u0161t\u00edt<\/strong> \u00a0\u00a0\u00a0\u00a0\u00a0\u00a0\u00a0\u00a0\u00a0\u00a0\u00a0\u00a0\u00a0\u00a0\u00a0\u00a0\u00a0\u00a0\u00a0\u00a0 &#8211;\u00a0\u00a0\u00a0\u00a0 cez Meden\u00e9 l\u00e1vky\n\n&#8211;\u00a0\u00a0\u00a0\u00a0\u00a0\u00a0 cez Jord\u00e1nku od Medenej kotliny\n<br>\n<strong>Traverz \u017deruchov\u00e9 ve\u017ee \u2013 Koz\u00ed \u0161t\u00edt<\/strong><\/p><\/div>\n\t\t\t\t<\/div>\n\t\t\t\t<\/div>\n\t\t\t\t\t<\/div>\n\t\t<\/div>\n\t\t\t\t\t\t\t<\/div>\n\t\t<\/section>\n\t\t\t\t\t\t<\/div>\n\t\t\t\t\t<\/div>","protected":false},"excerpt":{"rendered":"<p>Horsk\u00fd vodca je v\u00fdhradne \u010dlovek s ozna\u010denim UIAGM , a je povinn\u00fd sa preuk\u00e1zat preukazom horsk\u00e9ho vodcu. Jastrabia ve\u017ea Korbunkulov\u00fd hrebe\u0148 \u2013 Kolov\u00fd \u0161t\u00edt Kolov\u00fd \u0161t\u00edt \u010cierny \u0161t\u00edt Traverz \u010cierny \u0161t\u00edt \u2013 Kolov\u00fd \u0161t\u00edt Baranie rohy Mal\u00fd Ke\u017emarsk\u00fd \u0161t\u00edt \u00a0\u00a0\u00a0\u00a0\u00a0 &#8211;\u00a0\u00a0 Nemeck\u00fdm rebr\u00edkom &#8211;\u00a0\u00a0\u00a0\u00a0\u00a0\u00a0 SV hranou klasifik\u00e1cia III Lomnick\u00fd \u0161t\u00edt \u00a0\u00a0\u00a0\u00a0\u00a0\u00a0\u00a0\u00a0\u00a0\u00a0\u00a0\u00a0\u00a0\u00a0\u00a0\u00a0\u00a0\u00a0\u00a0\u00a0 &#8211;\u00a0\u00a0\u00a0\u00a0 cez Meden\u00e9 l\u00e1vky [&hellip;]<\/p>","protected":false},"author":1,"featured_media":0,"parent":0,"menu_order":0,"comment_status":"closed","ping_status":"closed","template":"","meta":{"footnotes":""},"class_list":["post-6910","page","type-page","status-publish","hentry"],"aioseo_notices":[],"_links":{"self":[{"href":"https:\/\/chataprizelenomplese.sk\/en\/wp-json\/wp\/v2\/pages\/6910","targetHints":{"allow":["GET"]}}],"collection":[{"href":"https:\/\/chataprizelenomplese.sk\/en\/wp-json\/wp\/v2\/pages"}],"about":[{"href":"https:\/\/chataprizelenomplese.sk\/en\/wp-json\/wp\/v2\/types\/page"}],"author":[{"embeddable":true,"href":"https:\/\/chataprizelenomplese.sk\/en\/wp-json\/wp\/v2\/users\/1"}],"replies":[{"embeddable":true,"href":"https:\/\/chataprizelenomplese.sk\/en\/wp-json\/wp\/v2\/comments?post=6910"}],"version-history":[{"count":7,"href":"https:\/\/chataprizelenomplese.sk\/en\/wp-json\/wp\/v2\/pages\/6910\/revisions"}],"predecessor-version":[{"id":7827,"href":"https:\/\/chataprizelenomplese.sk\/en\/wp-json\/wp\/v2\/pages\/6910\/revisions\/7827"}],"wp:attachment":[{"href":"https:\/\/chataprizelenomplese.sk\/en\/wp-json\/wp\/v2\/media?parent=6910"}],"curies":[{"name":"wp","href":"https:\/\/api.w.org\/{rel}","templated":true}]}}