{"id":7,"date":"2017-06-24T12:51:06","date_gmt":"2017-06-24T10:51:06","guid":{"rendered":"http:\/\/chataprizelenomplese.sk\/wp\/?page_id=7"},"modified":"2025-05-04T13:01:52","modified_gmt":"2025-05-04T11:01:52","slug":"zakladne-informacie-o-chate-a-ubytovaci-poriadok","status":"publish","type":"page","link":"https:\/\/chataprizelenomplese.sk\/en\/zakladne-informacie-o-chate-a-ubytovaci-poriadok\/","title":{"rendered":"Basic informations about cottage"},"content":{"rendered":"<div data-elementor-type=\"wp-page\" data-elementor-id=\"7\" class=\"elementor elementor-7\" data-elementor-settings=\"[]\">\n\t\t\t\t\t\t\t<div class=\"elementor-section-wrap\">\n\t\t\t\t\t\t\t<section class=\"elementor-section elementor-top-section elementor-element elementor-element-bd0e958 elementor-section-boxed elementor-section-height-default elementor-section-height-default\" data-id=\"bd0e958\" data-element_type=\"section\">\n\t\t\t\t\t\t<div class=\"elementor-container elementor-column-gap-default\">\n\t\t\t\t\t<div class=\"elementor-column elementor-col-100 elementor-top-column elementor-element elementor-element-43826bf6\" data-id=\"43826bf6\" data-element_type=\"column\">\n\t\t\t<div class=\"elementor-widget-wrap elementor-element-populated\">\n\t\t\t\t\t\t\t\t<div class=\"elementor-element elementor-element-63f70c2b elementor-widget elementor-widget-text-editor\" data-id=\"63f70c2b\" data-element_type=\"widget\" data-no-translation=\"\" data-widget_type=\"text-editor.default\">\n\t\t\t\t<div class=\"elementor-widget-container\">\n\t\t\t<style>.elementor-element-63f70c2b{display:none !important}<\/style>\t\t<\/div>\n\t\t\t\t<\/div>\n\t\t\t\t\t<\/div>\n\t\t<\/div>\n\t\t\t\t\t\t\t<\/div>\n\t\t<\/section>\n\t\t\t\t<section class=\"elementor-section elementor-top-section elementor-element elementor-element-0cd804a elementor-section-boxed elementor-section-height-default elementor-section-height-default\" data-id=\"0cd804a\" data-element_type=\"section\">\n\t\t\t\t\t\t<div class=\"elementor-container elementor-column-gap-default\">\n\t\t\t\t\t<div class=\"elementor-column elementor-col-100 elementor-top-column elementor-element elementor-element-14a5a49\" data-id=\"14a5a49\" data-element_type=\"column\">\n\t\t\t<div class=\"elementor-widget-wrap elementor-element-populated\">\n\t\t\t\t\t\t\t\t<div class=\"elementor-element elementor-element-0e9ea02 elementor-widget elementor-widget-text-editor\" data-id=\"0e9ea02\" data-element_type=\"widget\" data-no-translation=\"\" data-widget_type=\"text-editor.default\">\n\t\t\t\t<div class=\"elementor-widget-container\">\n\t\t\t\t\t<div class=\"elementor-text-editor elementor-clearfix\"><div style=\"width: 410px\"  class=\"wp-caption alignleft\"><img loading=\"lazy\" decoding=\"async\" src=\"http:\/\/chataprizelenomplese.sk\/wp-content\/uploads\/2014\/06\/12.jpg\" alt=\"Chata pri Zelenom plese\" width=\"400\" height=\"267\" align=\"left\" hspace=\"3\" \/><p class=\"wp-caption-text\">The Cottage at Zelen\u00e9 pleso<\/p><\/div><p class=\"justice\">The Cottage at Zelen\u00e9 pleso provides an accommodation in the category of tourist hostel, which in practice means that we do not apply the hotel system \u2013 selling a whole room, but a particular place to sleep \u2013 beds. All beds in the rooms are provided with a pillow, duvet and bed sheets. Accommodation with own sleeping bag, without bed sheets in the room is not possible. You can book a separate accommodation\/ the whole room \u2013 you have to mention it in advance by email, but in that case, you also pay for unoccupied beds in the room.\u00a0Accommodation for a dog is not possible.<br \/>As we obtain electricity exclusively from the power plant and a small water turbine, the plugs are only in the dining room designed exclusively for recharging batteries, telephones, etc. No other \u2013 please do not carry stronger electrical appliances with you.<\/p><div style=\"width: 210px\"  class=\"wp-caption alignleft\"><img loading=\"lazy\" decoding=\"async\" src=\"http:\/\/chataprizelenomplese.sk\/wp-content\/uploads\/2014\/11\/bar_zelene_pleso.jpg\" alt=\"Bar na Chate pri Zelenom plese\" width=\"200\" height=\"134\" align=\"left\" hspace=\"3\" \/><p class=\"wp-caption-text\">Bar in The Cottage at Zelen\u00e9 pleso<\/p><\/div><div style=\"width: 210px\"  class=\"wp-caption alignleft\"><img loading=\"lazy\" decoding=\"async\" src=\"http:\/\/chataprizelenomplese.sk\/wp-content\/uploads\/2018\/12\/stena.jpeg\" alt=\"Bar na Chate pri Zelenom plese\" width=\"200\" height=\"134\" align=\"right\" hspace=\"3\" \/><p class=\"wp-caption-text\">Climbing wall<\/p><\/div><p class=\"justice\">Is a possible multimedia presentation, it is available outside the opening or<br \/>in the evening, a widescreen TV, in the bar for a maximum of 40 people<br \/>, and a projection screen on the covered terrace of the cottage, for about the same amount persons. And a climbing wall with pre-prepared ones is also available<br \/>borhakmi for practicing self-defense and belaying<\/p><p>There is also a\u00a0<strong>small bar<\/strong>\u00a0with up to 40 seats capacity, which can be arranged for private events, too.<\/p><p>Even if the cottage is supplied with technology \u2013 during the summer by car and in the winter with a snowmobile, we do\u00a0<strong>NOT<\/strong>\u00a0provide commercial exports!!! !<\/p><p><strong>Only partly disabled or disabled visitors can be taken up under sufficiently pre-agreed conditions.<\/strong>.<\/p><p>All other requirements are in accordance with the Commercial Code and the accommodation regulations, prepared and approved by the owners of the cottage KST and JAMES.<\/p><\/div>\n\t\t\t\t<\/div>\n\t\t\t\t<\/div>\n\t\t\t\t\t<\/div>\n\t\t<\/div>\n\t\t\t\t\t\t\t<\/div>\n\t\t<\/section>\n\t\t\t\t<section class=\"elementor-section elementor-top-section elementor-element elementor-element-4fbb0b5 elementor-section-boxed elementor-section-height-default elementor-section-height-default\" data-id=\"4fbb0b5\" data-element_type=\"section\">\n\t\t\t\t\t\t<div class=\"elementor-container elementor-column-gap-default\">\n\t\t\t\t\t<div class=\"elementor-column elementor-col-100 elementor-top-column elementor-element elementor-element-89854e0\" data-id=\"89854e0\" data-element_type=\"column\">\n\t\t\t<div class=\"elementor-widget-wrap elementor-element-populated\">\n\t\t\t\t\t\t\t\t<div class=\"elementor-element elementor-element-bfcee0f elementor-widget elementor-widget-text-editor\" data-id=\"bfcee0f\" data-element_type=\"widget\" data-no-translation=\"\" data-widget_type=\"text-editor.default\">\n\t\t\t\t<div class=\"elementor-widget-container\">\n\t\t\t<style>.elementor-element-bfcee0f{display:none !important}<\/style>\t\t<\/div>\n\t\t\t\t<\/div>\n\t\t\t\t\t<\/div>\n\t\t<\/div>\n\t\t\t\t\t\t\t<\/div>\n\t\t<\/section>\n\t\t\t\t\t\t<\/div>\n\t\t\t\t\t<\/div>","protected":false},"excerpt":{"rendered":"<p>Chata na Zelenom plese poskytuje ubytovanie v kateg\u00f3rii turistickej ubytovne, \u010do v praxi znamen\u00e1, \u017ee nepou\u017e\u00edvame hotelov\u00fd syst\u00e9m \u2013 predaj celej izby, ale konkr\u00e9tne miesto na spanie \u2013 postele. V\u0161etky postele v izb\u00e1ch s\u00fa zabezpe\u010den\u00e9 vank\u00fa\u0161om, papl\u00f3nom a poste\u013enou bieliz\u0148ou. Ubytovanie s vlastn\u00fdm spac\u00e1kom bez poste\u013enej bielizne v izbe nie je mo\u017en\u00e9. M\u00f4\u017eete si rezervova\u0165 [&hellip;]<\/p>","protected":false},"author":1,"featured_media":0,"parent":0,"menu_order":0,"comment_status":"closed","ping_status":"closed","template":"","meta":{"footnotes":""},"class_list":["post-7","page","type-page","status-publish","hentry"],"aioseo_notices":[],"_links":{"self":[{"href":"https:\/\/chataprizelenomplese.sk\/en\/wp-json\/wp\/v2\/pages\/7","targetHints":{"allow":["GET"]}}],"collection":[{"href":"https:\/\/chataprizelenomplese.sk\/en\/wp-json\/wp\/v2\/pages"}],"about":[{"href":"https:\/\/chataprizelenomplese.sk\/en\/wp-json\/wp\/v2\/types\/page"}],"author":[{"embeddable":true,"href":"https:\/\/chataprizelenomplese.sk\/en\/wp-json\/wp\/v2\/users\/1"}],"replies":[{"embeddable":true,"href":"https:\/\/chataprizelenomplese.sk\/en\/wp-json\/wp\/v2\/comments?post=7"}],"version-history":[{"count":61,"href":"https:\/\/chataprizelenomplese.sk\/en\/wp-json\/wp\/v2\/pages\/7\/revisions"}],"predecessor-version":[{"id":7935,"href":"https:\/\/chataprizelenomplese.sk\/en\/wp-json\/wp\/v2\/pages\/7\/revisions\/7935"}],"wp:attachment":[{"href":"https:\/\/chataprizelenomplese.sk\/en\/wp-json\/wp\/v2\/media?parent=7"}],"curies":[{"name":"wp","href":"https:\/\/api.w.org\/{rel}","templated":true}]}}