{"id":7091,"date":"2021-05-23T12:19:09","date_gmt":"2021-05-23T10:19:09","guid":{"rendered":"http:\/\/localhost\/chata\/en\/?page_id=7091"},"modified":"2022-06-07T16:27:50","modified_gmt":"2022-06-07T14:27:50","slug":"ako-ku-nam-kam-od-nas","status":"publish","type":"page","link":"https:\/\/chataprizelenomplese.sk\/en\/ako-ku-nam-kam-od-nas\/","title":{"rendered":"How to find us\/ Where to go from here"},"content":{"rendered":"<p>&nbsp;<\/p>\n<p><img loading=\"lazy\" decoding=\"async\" src=\"https:\/\/chataprizelenomplese.sk\/wp\/img\/tur_trasy_1.jpg\" alt=\"\" usemap=\"#tur_trasy_1\" width=\"600\" height=\"413\" border=\"0\"><\/p>\n<map name=\"tur_trasy2\">\n<area title=\"Jahnaci\" coords=\"278,459,32\" shape=\"circle\" href=\"http:\/\/chataprizelenomplese.sk\/wp\/jahnaci-stit\/\">\n<area title=\"Do Tatranskej Lomnice cez \u0160alviov\u00fd prame\u0148 na r\u00e1z.nad Matliarmi (\u017elt\u00e1), \u010falej lesom do Tatransk\u00fdch Matliarov (modr\u00e1) a Tatranskej Lomnice po \u017eltej, \u010das 2h 50 min\u00fat\" coords=\"344,787,33\" shape=\"circle\" href=\"http:\/\/chataprizelenomplese.sk\/wp\/tatranska-lomnica\/\">\n<area title=\"K Ve\u013ek\u00e9mu Bielemu plesu 1615 m.n.m. po \u010dervenej zna\u010dke, \u010das 0h 30 min\u00fat\" coords=\"499,710,34\" shape=\"circle\" href=\"http:\/\/chataprizelenomplese.sk\/wp\/velke-biele-pleso\/\">\n<\/map>\n<p><img loading=\"lazy\" decoding=\"async\" src=\"http:\/\/chataprizelenomplese.sk\/wp\/img\/tur_trasy_2.jpg\" alt=\"\" usemap=\"#tur_trasy2\" width=\"600\" height=\"837\" border=\"0\"><\/p>\n<map name=\"tur_mapa_3\">\n<area title=\"Smer Skalnat\u00e9 pleso 1751m.n.m. \u010derven\u00e1 zna\u010dka - celou trasou v\u00fdstupu, sedlo pod Svi\u0161\u0165ovkou 1826 m.n.m., trvanie v\u00fdstupu 2 hodiny 45 min\u00fat\" coords=\"429,267,34\" shape=\"circle\" href=\"http:\/\/chataprizelenomplese.sk\/wp\/sedlo-pod-svistovkou\/\">\n<area title=\"Biela voda 910m.n.m.(autobusov\u00e1 zast\u00e1vka) \u017elt\u00e1 zna\u010dka \u2013 celou trasou v\u00fdstupu, r\u00e1zcestie\/ pr\u00edstre\u0161ok \u0160alviov\u00fd prame\u0148 1100m \u2013 r\u00e1zcestie \/pr\u00edstre\u0161ok Kova\u013e\u010d\u00edkova po\u013eana - Chata pri Zelenom Plese 1551m.n.m, trvanie v\u00fdstupu 3 hodiny\" coords=\"559,356,35\" shape=\"circle\" href=\"http:\/\/chataprizelenomplese.sk\/wp\/biela-voda\/\">\n<\/map>\n<p><img loading=\"lazy\" decoding=\"async\" src=\"http:\/\/chataprizelenomplese.sk\/wp\/img\/tur_trasy_3.jpg\" alt=\"\" usemap=\"#tur_mapa_3\" width=\"600\" height=\"393\" border=\"0\"><\/p>\n<p><img loading=\"lazy\" decoding=\"async\" src=\"http:\/\/chataprizelenomplese.sk\/wp\/img\/tur_trasy_4.jpg\" alt=\"\" width=\"600\" height=\"693\" border=\"0\"><\/p>","protected":false},"excerpt":{"rendered":"<p>&nbsp;<\/p>","protected":false},"author":1,"featured_media":0,"parent":0,"menu_order":0,"comment_status":"closed","ping_status":"closed","template":"","meta":{"footnotes":""},"class_list":["post-7091","page","type-page","status-publish","hentry"],"aioseo_notices":[],"_links":{"self":[{"href":"https:\/\/chataprizelenomplese.sk\/en\/wp-json\/wp\/v2\/pages\/7091","targetHints":{"allow":["GET"]}}],"collection":[{"href":"https:\/\/chataprizelenomplese.sk\/en\/wp-json\/wp\/v2\/pages"}],"about":[{"href":"https:\/\/chataprizelenomplese.sk\/en\/wp-json\/wp\/v2\/types\/page"}],"author":[{"embeddable":true,"href":"https:\/\/chataprizelenomplese.sk\/en\/wp-json\/wp\/v2\/users\/1"}],"replies":[{"embeddable":true,"href":"https:\/\/chataprizelenomplese.sk\/en\/wp-json\/wp\/v2\/comments?post=7091"}],"version-history":[{"count":6,"href":"https:\/\/chataprizelenomplese.sk\/en\/wp-json\/wp\/v2\/pages\/7091\/revisions"}],"predecessor-version":[{"id":7505,"href":"https:\/\/chataprizelenomplese.sk\/en\/wp-json\/wp\/v2\/pages\/7091\/revisions\/7505"}],"wp:attachment":[{"href":"https:\/\/chataprizelenomplese.sk\/en\/wp-json\/wp\/v2\/media?parent=7091"}],"curies":[{"name":"wp","href":"https:\/\/api.w.org\/{rel}","templated":true}]}}